{"id":28277,"date":"2025-04-03T15:53:48","date_gmt":"2025-04-03T13:53:48","guid":{"rendered":"https:\/\/seosemia.es\/clientes\/pinkpeas-nueva\/?post_type=product&#038;p=28277"},"modified":"2026-03-24T23:36:26","modified_gmt":"2026-03-24T22:36:26","slug":"uriwow-perros","status":"publish","type":"product","link":"https:\/\/pinkpeas.es\/ca\/producte\/uriwow-perros\/","title":{"rendered":"UriWow Perros"},"content":{"rendered":"<p><strong>Wowzen Uriwow para perros<\/strong> est\u00e1 recomendado para mejorar urinarios, en especial relacionados con las p\u00e9rdidas de orina. Su combinaci\u00f3n de ingredientes supone una gran ayuda en su control al contribuir al buen funcionamiento de las paredes de la vejiga. Su f\u00f3rmula libre de cereales e ingredientes de origen animal la hace apta para animales con sensibilidades alimentarias.<\/p>\n<p>&nbsp;<\/p>","protected":false},"excerpt":{"rendered":"<p>Wowzen Uriwow para perros favorece la salud urinaria de los perros ayudando a minimizar p\u00e9rdidas de orina y otros problemas urinarios con una f\u00f3rmula vegana y sin cereales. Presentado en envases de 24 comprimidos de 350mg.<\/p>","protected":false},"featured_media":26942,"comment_status":"open","ping_status":"closed","template":"","meta":[],"product_brand":[],"product_cat":[509,540],"product_tag":[511,512,513,542,536,554,518,519,520,521,522],"class_list":{"0":"post-28277","1":"product","2":"type-product","3":"status-publish","4":"has-post-thumbnail","6":"product_cat-perros","7":"product_cat-suplementacion-perros","8":"product_tag-1-especie-perro","9":"product_tag-2-edad-adulto","10":"product_tag-2-edad-senior","11":"product_tag-3-producto-nutraceutico-suplemento","12":"product_tag-4-propiedades-mini","13":"product_tag-4-propiedades-urinario","14":"product_tag-5-alergenos-sin-cereales","15":"product_tag-5-alergenos-sin-gluten","16":"product_tag-5-alergenos-sin-maiz","17":"product_tag-5-alergenos-sin-patata","18":"product_tag-5-alergenos-sin-soja","20":"first","21":"instock","22":"taxable","23":"shipping-taxable","24":"purchasable","25":"product-type-variable"},"supplier_id":null,"supplier_sku":"","barcode":null,"atum_controlled":true,"out_stock_date":null,"out_stock_threshold":null,"inheritable":true,"inbound_stock":0,"stock_on_hold":0,"sold_today":null,"sales_last_days":null,"reserved_stock":0,"customer_returns":0,"warehouse_damage":0,"lost_in_post":0,"other_logs":0,"out_stock_days":null,"lost_sales":null,"has_location":false,"update_date":"2026-03-24T22:18:01","atum_locations":[],"atum_stock_status":"instock","restock_status":false,"low_stock_amount":"","sales_update_date":"2026-03-24T22:18:01","calc_backorders":null,"_links":{"self":[{"href":"https:\/\/pinkpeas.es\/ca\/wp-json\/wp\/v2\/product\/28277","targetHints":{"allow":["GET"]}}],"collection":[{"href":"https:\/\/pinkpeas.es\/ca\/wp-json\/wp\/v2\/product"}],"about":[{"href":"https:\/\/pinkpeas.es\/ca\/wp-json\/wp\/v2\/types\/product"}],"replies":[{"embeddable":true,"href":"https:\/\/pinkpeas.es\/ca\/wp-json\/wp\/v2\/comments?post=28277"}],"wp:featuredmedia":[{"embeddable":true,"href":"https:\/\/pinkpeas.es\/ca\/wp-json\/wp\/v2\/media\/26942"}],"wp:attachment":[{"href":"https:\/\/pinkpeas.es\/ca\/wp-json\/wp\/v2\/media?parent=28277"}],"wp:term":[{"taxonomy":"product_brand","embeddable":true,"href":"https:\/\/pinkpeas.es\/ca\/wp-json\/wp\/v2\/product_brand?post=28277"},{"taxonomy":"product_cat","embeddable":true,"href":"https:\/\/pinkpeas.es\/ca\/wp-json\/wp\/v2\/product_cat?post=28277"},{"taxonomy":"product_tag","embeddable":true,"href":"https:\/\/pinkpeas.es\/ca\/wp-json\/wp\/v2\/product_tag?post=28277"}],"curies":[{"name":"wp","href":"https:\/\/api.w.org\/{rel}","templated":true}]}}