{"id":28276,"date":"2025-04-03T15:53:47","date_gmt":"2025-04-03T13:53:47","guid":{"rendered":"https:\/\/seosemia.es\/clientes\/pinkpeas-nueva\/?post_type=product&#038;p=28276"},"modified":"2026-04-21T15:41:41","modified_gmt":"2026-04-21T13:41:41","slug":"ocuwow-salud-ocular-perros-y-gatos","status":"publish","type":"product","link":"https:\/\/pinkpeas.es\/ca\/producte\/ocuwow-salud-ocular-perros-y-gatos\/","title":{"rendered":"OcuWow &#8211; Salud ocular perros y gatos"},"content":{"rendered":"<p><strong>Wowzen Ocuwow para perros y gatos<\/strong> est\u00e1 recomendado para <strong>mejorar problemas de sequedad ocular<\/strong>. La aplicaci\u00f3n t\u00f3pica necesaria habitualmente en este tipo de patolog\u00edas puede llegar a ser muy compleja y estresante en animales por lo que Ocuwow facilita el manejo de esta situaci\u00f3n con solo una toma oral diaria necesaria. Su f\u00f3rmula libre de cereales e ingredientes de origen animal la hace apta para animales con sensibilidades alimentarias.<\/p>\n<p>&nbsp;<\/p>","protected":false},"excerpt":{"rendered":"<p>Wowzen Ocuwow para perros y gatos favorece la salud ocular ayudando a la producci\u00f3n de l\u00e1grima con una f\u00f3rmula vegana y sin cereales. Presentado en envases de 36 comprimidos de 250mg.<\/p>","protected":false},"featured_media":26941,"comment_status":"open","ping_status":"closed","template":"","meta":[],"product_brand":[],"product_cat":[538,509,539,540],"product_tag":[541,511,512,553,526,513,542,518,519,520,521,522],"class_list":{"0":"post-28276","1":"product","2":"type-product","3":"status-publish","4":"has-post-thumbnail","6":"product_cat-gatos","7":"product_cat-perros","8":"product_cat-suplementacion-gatos","9":"product_cat-suplementacion-perros","10":"product_tag-1-especie-gato","11":"product_tag-1-especie-perro","12":"product_tag-2-edad-adulto","13":"product_tag-2-edad-kitten-gatito","14":"product_tag-2-edad-puppy-cachorro","15":"product_tag-2-edad-senior","16":"product_tag-3-producto-nutraceutico-suplemento","17":"product_tag-5-alergenos-sin-cereales","18":"product_tag-5-alergenos-sin-gluten","19":"product_tag-5-alergenos-sin-maiz","20":"product_tag-5-alergenos-sin-patata","21":"product_tag-5-alergenos-sin-soja","23":"first","24":"instock","25":"taxable","26":"shipping-taxable","27":"purchasable","28":"product-type-simple"},"supplier_id":30151,"supplier_sku":"","barcode":"8422947076085","atum_controlled":true,"out_stock_date":null,"out_stock_threshold":null,"inheritable":false,"inbound_stock":0,"stock_on_hold":0,"sold_today":0,"sales_last_days":0,"reserved_stock":0,"customer_returns":0,"warehouse_damage":0,"lost_in_post":0,"other_logs":0,"out_stock_days":0,"lost_sales":0,"has_location":false,"update_date":"2026-04-21T13:41:51","atum_locations":[],"atum_stock_status":"instock","restock_status":false,"low_stock_amount":2,"sales_update_date":"2026-04-21T13:39:07","calc_backorders":null,"_links":{"self":[{"href":"https:\/\/pinkpeas.es\/ca\/wp-json\/wp\/v2\/product\/28276","targetHints":{"allow":["GET"]}}],"collection":[{"href":"https:\/\/pinkpeas.es\/ca\/wp-json\/wp\/v2\/product"}],"about":[{"href":"https:\/\/pinkpeas.es\/ca\/wp-json\/wp\/v2\/types\/product"}],"replies":[{"embeddable":true,"href":"https:\/\/pinkpeas.es\/ca\/wp-json\/wp\/v2\/comments?post=28276"}],"wp:featuredmedia":[{"embeddable":true,"href":"https:\/\/pinkpeas.es\/ca\/wp-json\/wp\/v2\/media\/26941"}],"wp:attachment":[{"href":"https:\/\/pinkpeas.es\/ca\/wp-json\/wp\/v2\/media?parent=28276"}],"wp:term":[{"taxonomy":"product_brand","embeddable":true,"href":"https:\/\/pinkpeas.es\/ca\/wp-json\/wp\/v2\/product_brand?post=28276"},{"taxonomy":"product_cat","embeddable":true,"href":"https:\/\/pinkpeas.es\/ca\/wp-json\/wp\/v2\/product_cat?post=28276"},{"taxonomy":"product_tag","embeddable":true,"href":"https:\/\/pinkpeas.es\/ca\/wp-json\/wp\/v2\/product_tag?post=28276"}],"curies":[{"name":"wp","href":"https:\/\/api.w.org\/{rel}","templated":true}]}}