{"id":28269,"date":"2025-04-03T15:53:47","date_gmt":"2025-04-03T13:53:47","guid":{"rendered":"https:\/\/seosemia.es\/clientes\/pinkpeas-nueva\/?post_type=product&#038;p=28269"},"modified":"2026-03-24T23:36:25","modified_gmt":"2026-03-24T22:36:25","slug":"gastrowow-perros-y-gatos-suplemento-digestivo","status":"publish","type":"product","link":"https:\/\/pinkpeas.es\/ca\/producte\/gastrowow-perros-y-gatos-suplemento-digestivo\/","title":{"rendered":"GastroWow Perros y Gatos &#8211; Suplemento digestivo"},"content":{"rendered":"<p><strong>Wowzen Gastrowow para perros y gatos<\/strong> est\u00e1 recomendado <strong>para problemas del aparato digestivo<\/strong> com pueden ser las n\u00e1useas, v\u00f3mitos, gases o patolog\u00edas relacionadas con la mucosa g\u00e1strica. La combinaci\u00f3n de distintas plantas, puede ayudar a disminuir las alteraciones digestivas de nuestras mascotas y ofrece una herramienta valios\u00edsima en este tipo de situaciones. Gastrowow contiene extracto de regaliz conocida por sus propiedades antiinflamatorias, antiespasm\u00f3dicas y antiulcerosas, tambi\u00e9n extracto de manzanilla con efectos similares. Es conveniente hacer periodos de descanso durante tomas prologadas de Gastrowow. Su f\u00f3rmula libre de cereales e ingredientes de origen animal la hace apta para animales con sensibilidades alimentarias.<\/p>\n<p>&nbsp;<\/p>","protected":false},"excerpt":{"rendered":"<p>Wowzen Gastrowow favorece la salud digestiva en perros con una f\u00f3rmula vegana y sin cereales ayudando a proteger la mucosa g\u00e1strica. Presentado en envases de 50ml con jeringa dosificadora.<\/p>","protected":false},"featured_media":26937,"comment_status":"open","ping_status":"closed","template":"","meta":[],"product_brand":[],"product_cat":[538,509,539,540],"product_tag":[541,511,512,553,526,513,542,532,518,519,520,521,522],"class_list":{"0":"post-28269","1":"product","2":"type-product","3":"status-publish","4":"has-post-thumbnail","6":"product_cat-gatos","7":"product_cat-perros","8":"product_cat-suplementacion-gatos","9":"product_cat-suplementacion-perros","10":"product_tag-1-especie-gato","11":"product_tag-1-especie-perro","12":"product_tag-2-edad-adulto","13":"product_tag-2-edad-kitten-gatito","14":"product_tag-2-edad-puppy-cachorro","15":"product_tag-2-edad-senior","16":"product_tag-3-producto-nutraceutico-suplemento","17":"product_tag-4-propiedades-gastrointestinal","18":"product_tag-5-alergenos-sin-cereales","19":"product_tag-5-alergenos-sin-gluten","20":"product_tag-5-alergenos-sin-maiz","21":"product_tag-5-alergenos-sin-patata","22":"product_tag-5-alergenos-sin-soja","24":"first","25":"instock","26":"taxable","27":"shipping-taxable","28":"purchasable","29":"product-type-simple"},"supplier_id":30151,"supplier_sku":"","barcode":"8422947076245","atum_controlled":true,"out_stock_date":null,"out_stock_threshold":null,"inheritable":false,"inbound_stock":0,"stock_on_hold":0,"sold_today":0,"sales_last_days":0,"reserved_stock":0,"customer_returns":0,"warehouse_damage":0,"lost_in_post":0,"other_logs":0,"out_stock_days":0,"lost_sales":0,"has_location":false,"update_date":"2026-03-24T22:36:28","atum_locations":[],"atum_stock_status":"instock","restock_status":false,"low_stock_amount":3,"sales_update_date":"2026-03-24T22:18:01","calc_backorders":null,"_links":{"self":[{"href":"https:\/\/pinkpeas.es\/ca\/wp-json\/wp\/v2\/product\/28269","targetHints":{"allow":["GET"]}}],"collection":[{"href":"https:\/\/pinkpeas.es\/ca\/wp-json\/wp\/v2\/product"}],"about":[{"href":"https:\/\/pinkpeas.es\/ca\/wp-json\/wp\/v2\/types\/product"}],"replies":[{"embeddable":true,"href":"https:\/\/pinkpeas.es\/ca\/wp-json\/wp\/v2\/comments?post=28269"}],"wp:featuredmedia":[{"embeddable":true,"href":"https:\/\/pinkpeas.es\/ca\/wp-json\/wp\/v2\/media\/26937"}],"wp:attachment":[{"href":"https:\/\/pinkpeas.es\/ca\/wp-json\/wp\/v2\/media?parent=28269"}],"wp:term":[{"taxonomy":"product_brand","embeddable":true,"href":"https:\/\/pinkpeas.es\/ca\/wp-json\/wp\/v2\/product_brand?post=28269"},{"taxonomy":"product_cat","embeddable":true,"href":"https:\/\/pinkpeas.es\/ca\/wp-json\/wp\/v2\/product_cat?post=28269"},{"taxonomy":"product_tag","embeddable":true,"href":"https:\/\/pinkpeas.es\/ca\/wp-json\/wp\/v2\/product_tag?post=28269"}],"curies":[{"name":"wp","href":"https:\/\/api.w.org\/{rel}","templated":true}]}}