{"id":28265,"date":"2025-04-03T15:53:47","date_gmt":"2025-04-03T13:53:47","guid":{"rendered":"https:\/\/seosemia.es\/clientes\/pinkpeas-nueva\/?post_type=product&#038;p=28265"},"modified":"2026-03-24T17:25:49","modified_gmt":"2026-03-24T16:25:49","slug":"hownd-keep-calm-champu-acondicionador-relajante","status":"publish","type":"product","link":"https:\/\/pinkpeas.es\/ca\/producte\/hownd-keep-calm-champu-acondicionador-relajante\/","title":{"rendered":"Hownd Keep Calm Champ\u00fa acondicionador relajante"},"content":{"rendered":"<p>Keep Calm es un champ\u00fa con acondicionador de Hownd adecuado para perros y gatos adultos con tendencia al estr\u00e9s. Esta gama de champ\u00fas Hownd permite una limpieza profunda y suave a la vez que fortalece el pelo y reduce la muda. Keep Calm ayuda a limpiar profundamente a la vez que acondiciona el pelaje.<\/p>\n<h3>Propiedades<\/h3>\n<p>Su combinaci\u00f3n de aceites esenciales de lavanda y pachul\u00ed <strong>ayuda a relajar a los perros adultos y es perfecta para animales ansiosos o estresados<\/strong>. Esta f\u00f3rmula con pH equilibrado contiene prote\u00edna de trigo, avena, aceite de arg\u00e1n y jugo de hoja de aloe vera. La piel de tu compa\u00f1ero se sentir\u00e1 nutrida, con un pelaje acondicionado y suave. Es apto para pelo corto y largo, para caballos y gatos. Es importante aclarar con agua abundante.<\/p>\n<h3>La opci\u00f3n \u00e9tica<\/h3>\n<p>El champ\u00fa acondicionador Keep Calm no contiene productos qu\u00edmicos agresivos como alcohol, parabenos, jab\u00f3n ni colorantes. Es seguro usarlo con productos t\u00f3picos contra pulgas. Los productos para la higiene de HOWND cuentan con el sello de aprobaci\u00f3n de Leaping Bunny de Cruelty Free International, la \u00fanica acreditaci\u00f3n contra la crueldad animal reconocida a nivel mundial, y acreditados por PETA Cruelty Free, la Vegetarian (Vegan) Society y The Ethical Company Organization.<\/p>\n<p>&nbsp;<\/p>","protected":false},"excerpt":{"rendered":"<p>Keep calm champ\u00fa acondicionador de Hownd es un champ\u00fa formulado para fortalecer el pelaje y limpiar profundamente mientras aporta un aroma relajante ideal para perros con altos niveles de estr\u00e9s. Disponible en envases de 250ml.<\/p>","protected":false},"featured_media":27422,"comment_status":"open","ping_status":"closed","template":"","meta":[],"product_brand":[617],"product_cat":[538,575,587,509],"product_tag":[588,541,511,512,553,526,513,576,548,544,524],"class_list":{"0":"post-28265","1":"product","2":"type-product","3":"status-publish","4":"has-post-thumbnail","6":"product_brand-hownd","7":"product_cat-gatos","8":"product_cat-higiene-gatos","9":"product_cat-higiene-perros","10":"product_cat-perros","11":"product_tag-1-especie-caballo","12":"product_tag-1-especie-gato","13":"product_tag-1-especie-perro","14":"product_tag-2-edad-adulto","15":"product_tag-2-edad-kitten-gatito","16":"product_tag-2-edad-puppy-cachorro","17":"product_tag-2-edad-senior","18":"product_tag-3-producto-higiene","19":"product_tag-4-propiedades-hipoalergenico","20":"product_tag-4-propiedades-piel-sensible","21":"product_tag-7-otros-marca-100-vegana","23":"first","24":"instock","25":"taxable","26":"shipping-taxable","27":"purchasable","28":"product-type-simple"},"supplier_id":30169,"supplier_sku":"","barcode":null,"atum_controlled":true,"out_stock_date":null,"out_stock_threshold":null,"inheritable":false,"inbound_stock":0,"stock_on_hold":0,"sold_today":0,"sales_last_days":0,"reserved_stock":0,"customer_returns":0,"warehouse_damage":0,"lost_in_post":0,"other_logs":0,"out_stock_days":0,"lost_sales":0,"has_location":false,"update_date":"2026-04-13T22:49:08","atum_locations":[],"atum_stock_status":"instock","restock_status":false,"low_stock_amount":5,"sales_update_date":"2026-04-13T22:49:08","calc_backorders":null,"_links":{"self":[{"href":"https:\/\/pinkpeas.es\/ca\/wp-json\/wp\/v2\/product\/28265","targetHints":{"allow":["GET"]}}],"collection":[{"href":"https:\/\/pinkpeas.es\/ca\/wp-json\/wp\/v2\/product"}],"about":[{"href":"https:\/\/pinkpeas.es\/ca\/wp-json\/wp\/v2\/types\/product"}],"replies":[{"embeddable":true,"href":"https:\/\/pinkpeas.es\/ca\/wp-json\/wp\/v2\/comments?post=28265"}],"wp:featuredmedia":[{"embeddable":true,"href":"https:\/\/pinkpeas.es\/ca\/wp-json\/wp\/v2\/media\/27422"}],"wp:attachment":[{"href":"https:\/\/pinkpeas.es\/ca\/wp-json\/wp\/v2\/media?parent=28265"}],"wp:term":[{"taxonomy":"product_brand","embeddable":true,"href":"https:\/\/pinkpeas.es\/ca\/wp-json\/wp\/v2\/product_brand?post=28265"},{"taxonomy":"product_cat","embeddable":true,"href":"https:\/\/pinkpeas.es\/ca\/wp-json\/wp\/v2\/product_cat?post=28265"},{"taxonomy":"product_tag","embeddable":true,"href":"https:\/\/pinkpeas.es\/ca\/wp-json\/wp\/v2\/product_tag?post=28265"}],"curies":[{"name":"wp","href":"https:\/\/api.w.org\/{rel}","templated":true}]}}