{"id":28264,"date":"2025-04-03T15:53:47","date_gmt":"2025-04-03T13:53:47","guid":{"rendered":"https:\/\/seosemia.es\/clientes\/pinkpeas-nueva\/?post_type=product&#038;p=28264"},"modified":"2026-03-24T23:51:09","modified_gmt":"2026-03-24T22:51:09","slug":"cbdwow-5-para-perros-y-gatos","status":"publish","type":"product","link":"https:\/\/pinkpeas.es\/ca\/producte\/cbdwow-5-para-perros-y-gatos\/","title":{"rendered":"CBDWow 5% para perros y gatos"},"content":{"rendered":"<p><strong>Wowzen CBDwow<\/strong> para perros y gatos contiene el aceite de las semillas del c\u00e1\u00f1amo obtenidas por presi\u00f3n en fr\u00edo de las semillas de<strong> Cannabis sativa L<\/strong>. Con este m\u00e9todo se mantienen intactas todas las propiedades y activos de la planta. Est\u00e1, adem\u00e1s, <strong>enriquecido con Cannabidiol<\/strong> para potenciar su acci\u00f3n.<\/p>\n<p>&nbsp;<\/p>","protected":false},"excerpt":{"rendered":"<p>Wowzen CBDwow para perros y gatos contiene todas las propiedades intactas del aceite de las semillas de c\u00e1\u00f1amo. Presentado en envases de 10ml con gotero dosificador.<\/p>","protected":false},"featured_media":26918,"comment_status":"open","ping_status":"closed","template":"","meta":[],"product_brand":[],"product_cat":[538,509,539,540],"product_tag":[541,511,512,513,542,537,518,519,520,521,522],"class_list":{"0":"post-28264","1":"product","2":"type-product","3":"status-publish","4":"has-post-thumbnail","6":"product_cat-gatos","7":"product_cat-perros","8":"product_cat-suplementacion-gatos","9":"product_cat-suplementacion-perros","10":"product_tag-1-especie-gato","11":"product_tag-1-especie-perro","12":"product_tag-2-edad-adulto","13":"product_tag-2-edad-senior","14":"product_tag-3-producto-nutraceutico-suplemento","15":"product_tag-4-propiedades-articular","16":"product_tag-5-alergenos-sin-cereales","17":"product_tag-5-alergenos-sin-gluten","18":"product_tag-5-alergenos-sin-maiz","19":"product_tag-5-alergenos-sin-patata","20":"product_tag-5-alergenos-sin-soja","22":"first","23":"instock","24":"taxable","25":"shipping-taxable","26":"purchasable","27":"product-type-simple"},"supplier_id":30151,"supplier_sku":"","barcode":"8422947076252","atum_controlled":true,"out_stock_date":null,"out_stock_threshold":null,"inheritable":false,"inbound_stock":0,"stock_on_hold":1,"sold_today":0,"sales_last_days":0,"reserved_stock":0,"customer_returns":0,"warehouse_damage":0,"lost_in_post":0,"other_logs":0,"out_stock_days":0,"lost_sales":0,"has_location":false,"update_date":"2026-03-24T22:51:11","atum_locations":[],"atum_stock_status":"instock","restock_status":false,"low_stock_amount":2,"sales_update_date":"2026-03-24T22:18:01","calc_backorders":null,"_links":{"self":[{"href":"https:\/\/pinkpeas.es\/ca\/wp-json\/wp\/v2\/product\/28264","targetHints":{"allow":["GET"]}}],"collection":[{"href":"https:\/\/pinkpeas.es\/ca\/wp-json\/wp\/v2\/product"}],"about":[{"href":"https:\/\/pinkpeas.es\/ca\/wp-json\/wp\/v2\/types\/product"}],"replies":[{"embeddable":true,"href":"https:\/\/pinkpeas.es\/ca\/wp-json\/wp\/v2\/comments?post=28264"}],"wp:featuredmedia":[{"embeddable":true,"href":"https:\/\/pinkpeas.es\/ca\/wp-json\/wp\/v2\/media\/26918"}],"wp:attachment":[{"href":"https:\/\/pinkpeas.es\/ca\/wp-json\/wp\/v2\/media?parent=28264"}],"wp:term":[{"taxonomy":"product_brand","embeddable":true,"href":"https:\/\/pinkpeas.es\/ca\/wp-json\/wp\/v2\/product_brand?post=28264"},{"taxonomy":"product_cat","embeddable":true,"href":"https:\/\/pinkpeas.es\/ca\/wp-json\/wp\/v2\/product_cat?post=28264"},{"taxonomy":"product_tag","embeddable":true,"href":"https:\/\/pinkpeas.es\/ca\/wp-json\/wp\/v2\/product_tag?post=28264"}],"curies":[{"name":"wp","href":"https:\/\/api.w.org\/{rel}","templated":true}]}}