{"id":28261,"date":"2025-04-03T15:53:39","date_gmt":"2025-04-03T13:53:39","guid":{"rendered":"https:\/\/seosemia.es\/clientes\/pinkpeas-nueva\/?post_type=product&#038;p=28261"},"modified":"2026-03-24T23:51:09","modified_gmt":"2026-03-24T22:51:09","slug":"calcuwow-para-perros-y-gatos","status":"publish","type":"product","link":"https:\/\/pinkpeas.es\/ca\/producte\/calcuwow-para-perros-y-gatos\/","title":{"rendered":"CalcuWow para Perros y Gatos"},"content":{"rendered":"<p><strong>Wowzen Calcuwow<\/strong> para perros y gatos en jarabe est\u00e1 r<strong>ecomendado para problemas del aparato urinario<\/strong> derivados del dep\u00f3sito de minerales. Ayuda a prevenir y eliminar de forma natural los c\u00e1lculos renales as\u00ed como desinflamar las v\u00edas urinarias. Los problemas derivados del dep\u00f3sito de minerales en distintos \u00f3rganos son muy comunes en perros y gatos y suponen un gran porcentaje de preguntas a profesionales veterinarios.<\/p>\n<h3>Ingredientes principales<\/h3>\n<p>Calcuwow contiene <strong>extracto de Rompepiedras o Lepidium Latifolium<\/strong> conocido por su acci\u00f3n diur\u00e9tica y antiinflamatoria as\u00ed como su capacidad para reducir e incluso eliminar los c\u00e1lculos urinarios, especialmente los de oxalato c\u00e1lcico. Su f\u00f3rmula libre de cereales e ingredientes de or\u00edgen animal la hace apta para animales con sensibilidades alimentarias.<\/p>\n<p>&nbsp;<\/p>","protected":false},"excerpt":{"rendered":"<p>Wowzen Calcuwow favorece la salud renal en perros y gatos con una f\u00f3rmula vegana y sin cereales. Presentado en envases de 30ml con jeringa dosificadora.<\/p>","protected":false},"featured_media":26917,"comment_status":"open","ping_status":"closed","template":"","meta":[],"product_brand":[],"product_cat":[538,509,539,540],"product_tag":[511,512,513,542,547,554,518,519,520,521,522],"class_list":{"0":"post-28261","1":"product","2":"type-product","3":"status-publish","4":"has-post-thumbnail","6":"product_cat-gatos","7":"product_cat-perros","8":"product_cat-suplementacion-gatos","9":"product_cat-suplementacion-perros","10":"product_tag-1-especie-perro","11":"product_tag-2-edad-adulto","12":"product_tag-2-edad-senior","13":"product_tag-3-producto-nutraceutico-suplemento","14":"product_tag-4-propiedades-hepatico","15":"product_tag-4-propiedades-urinario","16":"product_tag-5-alergenos-sin-cereales","17":"product_tag-5-alergenos-sin-gluten","18":"product_tag-5-alergenos-sin-maiz","19":"product_tag-5-alergenos-sin-patata","20":"product_tag-5-alergenos-sin-soja","22":"first","23":"instock","24":"taxable","25":"shipping-taxable","26":"purchasable","27":"product-type-simple"},"supplier_id":30151,"supplier_sku":"","barcode":"8422947076238","atum_controlled":true,"out_stock_date":null,"out_stock_threshold":null,"inheritable":false,"inbound_stock":0,"stock_on_hold":0,"sold_today":0,"sales_last_days":0,"reserved_stock":0,"customer_returns":0,"warehouse_damage":0,"lost_in_post":0,"other_logs":0,"out_stock_days":0,"lost_sales":0,"has_location":false,"update_date":"2026-03-24T22:51:11","atum_locations":[],"atum_stock_status":"instock","restock_status":false,"low_stock_amount":8,"sales_update_date":"2026-03-24T22:18:06","calc_backorders":null,"_links":{"self":[{"href":"https:\/\/pinkpeas.es\/ca\/wp-json\/wp\/v2\/product\/28261","targetHints":{"allow":["GET"]}}],"collection":[{"href":"https:\/\/pinkpeas.es\/ca\/wp-json\/wp\/v2\/product"}],"about":[{"href":"https:\/\/pinkpeas.es\/ca\/wp-json\/wp\/v2\/types\/product"}],"replies":[{"embeddable":true,"href":"https:\/\/pinkpeas.es\/ca\/wp-json\/wp\/v2\/comments?post=28261"}],"wp:featuredmedia":[{"embeddable":true,"href":"https:\/\/pinkpeas.es\/ca\/wp-json\/wp\/v2\/media\/26917"}],"wp:attachment":[{"href":"https:\/\/pinkpeas.es\/ca\/wp-json\/wp\/v2\/media?parent=28261"}],"wp:term":[{"taxonomy":"product_brand","embeddable":true,"href":"https:\/\/pinkpeas.es\/ca\/wp-json\/wp\/v2\/product_brand?post=28261"},{"taxonomy":"product_cat","embeddable":true,"href":"https:\/\/pinkpeas.es\/ca\/wp-json\/wp\/v2\/product_cat?post=28261"},{"taxonomy":"product_tag","embeddable":true,"href":"https:\/\/pinkpeas.es\/ca\/wp-json\/wp\/v2\/product_tag?post=28261"}],"curies":[{"name":"wp","href":"https:\/\/api.w.org\/{rel}","templated":true}]}}