{"id":28258,"date":"2025-04-03T15:53:39","date_gmt":"2025-04-03T13:53:39","guid":{"rendered":"https:\/\/seosemia.es\/clientes\/pinkpeas-nueva\/?post_type=product&#038;p=28258"},"modified":"2026-04-08T18:08:57","modified_gmt":"2026-04-08T16:08:57","slug":"artiwow-perros-suplemento-articulaciones","status":"publish","type":"product","link":"https:\/\/pinkpeas.es\/ca\/producte\/artiwow-perros-suplemento-articulaciones\/","title":{"rendered":"ArtiWow Perros &#8211; Suplemento articulaciones"},"content":{"rendered":"<p><strong>Wowzen Artiwow<\/strong> para perros en comprimidos est\u00e1 <strong>recomendado en problemas de salud articular y movilidad<\/strong>, tanto puntuales como cr\u00f3nicos, as\u00ed como alteraciones del desgaste articular. Los problemas articulares son una de las causas m\u00e1s frecuentes del cambio de comportamiento en animales de edad avanzada limitando su movilidad y bienestar. Estos problemas pueden manifestarse en forma de cojeras, menor movilidad e incluso alteraciones del comportamiento, en definitiva, en menor calidad de vida.<\/p>\n<h3>Ingredientes principales<\/h3>\n<p>Artiwow contiene extracto de c\u00farcuma conocida por sus propiedades antiinflamatorias y como ayuda en casos de dolor neurop\u00e1tico, de boswellia notable tambi\u00e9n como antiinflamatorio natural tanto a nivel musculoesquel\u00e9tico como intestinal; y de harpagofito que tiene propiedades antiinflamatorias y analg\u00e9sicas. Su f\u00f3rmula libre de cereales e ingredientes de or\u00edgen animal la hace apta para animales con sensibilidades alimentarias.<\/p>\n<p>&nbsp;<\/p>","protected":false},"excerpt":{"rendered":"<p>Wowzen Artiwow perros favorece la salud articular de los perros con una f\u00f3rmula vegana y sin cereales. Presentado en envases de 60 comprimidos para perros de 10kg, 20kg y 30kg.<\/p>\n<p>Producto en oferta por caducidad cercana.<\/p>","protected":false},"featured_media":26914,"comment_status":"open","ping_status":"closed","template":"","meta":[],"product_brand":[],"product_cat":[509,540],"product_tag":[511,512,526,513,537,536,518,519,520,521,522],"class_list":{"0":"post-28258","1":"product","2":"type-product","3":"status-publish","4":"has-post-thumbnail","6":"product_cat-perros","7":"product_cat-suplementacion-perros","8":"product_tag-1-especie-perro","9":"product_tag-2-edad-adulto","10":"product_tag-2-edad-puppy-cachorro","11":"product_tag-2-edad-senior","12":"product_tag-4-propiedades-articular","13":"product_tag-4-propiedades-mini","14":"product_tag-5-alergenos-sin-cereales","15":"product_tag-5-alergenos-sin-gluten","16":"product_tag-5-alergenos-sin-maiz","17":"product_tag-5-alergenos-sin-patata","18":"product_tag-5-alergenos-sin-soja","20":"first","21":"instock","22":"taxable","23":"shipping-taxable","24":"purchasable","25":"product-type-variable"},"supplier_id":null,"supplier_sku":"","barcode":null,"atum_controlled":true,"out_stock_date":null,"out_stock_threshold":null,"inheritable":true,"inbound_stock":0,"stock_on_hold":1,"sold_today":1,"sales_last_days":1,"reserved_stock":0,"customer_returns":0,"warehouse_damage":0,"lost_in_post":0,"other_logs":0,"out_stock_days":null,"lost_sales":0,"has_location":false,"update_date":"2026-04-08T16:10:46","atum_locations":[],"atum_stock_status":"instock","restock_status":false,"low_stock_amount":"","sales_update_date":"2026-03-24T22:18:05","calc_backorders":null,"_links":{"self":[{"href":"https:\/\/pinkpeas.es\/ca\/wp-json\/wp\/v2\/product\/28258","targetHints":{"allow":["GET"]}}],"collection":[{"href":"https:\/\/pinkpeas.es\/ca\/wp-json\/wp\/v2\/product"}],"about":[{"href":"https:\/\/pinkpeas.es\/ca\/wp-json\/wp\/v2\/types\/product"}],"replies":[{"embeddable":true,"href":"https:\/\/pinkpeas.es\/ca\/wp-json\/wp\/v2\/comments?post=28258"}],"wp:featuredmedia":[{"embeddable":true,"href":"https:\/\/pinkpeas.es\/ca\/wp-json\/wp\/v2\/media\/26914"}],"wp:attachment":[{"href":"https:\/\/pinkpeas.es\/ca\/wp-json\/wp\/v2\/media?parent=28258"}],"wp:term":[{"taxonomy":"product_brand","embeddable":true,"href":"https:\/\/pinkpeas.es\/ca\/wp-json\/wp\/v2\/product_brand?post=28258"},{"taxonomy":"product_cat","embeddable":true,"href":"https:\/\/pinkpeas.es\/ca\/wp-json\/wp\/v2\/product_cat?post=28258"},{"taxonomy":"product_tag","embeddable":true,"href":"https:\/\/pinkpeas.es\/ca\/wp-json\/wp\/v2\/product_tag?post=28258"}],"curies":[{"name":"wp","href":"https:\/\/api.w.org\/{rel}","templated":true}]}}