{"id":28255,"date":"2025-04-03T15:53:39","date_gmt":"2025-04-03T13:53:39","guid":{"rendered":"https:\/\/seosemia.es\/clientes\/pinkpeas-nueva\/?post_type=product&#038;p=28255"},"modified":"2026-04-03T14:13:55","modified_gmt":"2026-04-03T12:13:55","slug":"v-e-g-6x-comida-humeda-calabacin-y-guisante-perros-y-gatos","status":"publish","type":"product","link":"https:\/\/pinkpeas.es\/ca\/producte\/v-e-g-6x-comida-humeda-calabacin-y-guisante-perros-y-gatos\/","title":{"rendered":"V.E.G. 6x Comida h\u00fameda Calabac\u00edn y Guisante &#8211; Perros y Gatos"},"content":{"rendered":"<p>V.E.G. es la l\u00ednea 100% vegetal de los fabricantes Marpet apta para perros y gatos. Sus opciones veganas son <strong>sencillas y vers\u00e1tiles<\/strong>. Las latas V.E.G. contienen 3 \u00fanicos ingredientes, uno de los cuales es siempre una legumbre. Con una base con <strong>textura de gelatina con trocitos de vegetales<\/strong>, esta receta h\u00fameda puede servirse sola o mezclada con el alimento habitual. La comida h\u00fameda de V.E.G. es complementaria y apta para dietas de eliminaci\u00f3n.<\/p>\n<p>&nbsp;<\/p>","protected":false},"excerpt":{"rendered":"<p>V.E.G. es un alimento h\u00famedo complementario y vegano para perros y gatos. Con una textura parecida a la gelatina, los trozos visibles de calabac\u00edn, guisante y lenteja son muy vers\u00e1tiles y pueden mezclarse con el alimento habitual o ofrecerse como alimento por s\u00ed mismo. Disponibles en lata de 400g.<\/p>","protected":false},"featured_media":28498,"comment_status":"open","ping_status":"closed","template":"","meta":[],"product_brand":[621],"product_cat":[555,530,538,534,591,535,509],"product_tag":[541,511,553,526,531,527,529,516,548,549,518,519,520,521,522,556],"class_list":{"0":"post-28255","1":"product","2":"type-product","3":"status-publish","4":"has-post-thumbnail","6":"product_brand-v-e-g","7":"product_cat-comida-humeda-gatos","8":"product_cat-comida-humeda-perros","9":"product_cat-gatos","10":"product_cat-packs","11":"product_cat-packs-gatos","12":"product_cat-packs-perros","13":"product_cat-perros","14":"product_tag-1-especie-gato","15":"product_tag-1-especie-perro","16":"product_tag-2-edad-kitten-gatito","17":"product_tag-2-edad-puppy-cachorro","18":"product_tag-3-producto-alimento-humedo","19":"product_tag-3-producto-receta-complementaria","20":"product_tag-4-propiedades-bajo-en-grasa","21":"product_tag-4-propiedades-dieta-de-eliminacion","22":"product_tag-4-propiedades-hipoalergenico","23":"product_tag-4-propiedades-obesidad","24":"product_tag-5-alergenos-sin-cereales","25":"product_tag-5-alergenos-sin-gluten","26":"product_tag-5-alergenos-sin-maiz","27":"product_tag-5-alergenos-sin-patata","28":"product_tag-5-alergenos-sin-soja","29":"product_tag-6-textura-gelatina","31":"first","32":"instock","33":"featured","34":"taxable","35":"shipping-taxable","36":"purchasable","37":"product-type-woosb"},"supplier_id":30163,"supplier_sku":"","barcode":null,"atum_controlled":true,"out_stock_date":null,"out_stock_threshold":null,"inheritable":false,"inbound_stock":null,"stock_on_hold":2,"sold_today":2,"sales_last_days":2,"reserved_stock":null,"customer_returns":null,"warehouse_damage":null,"lost_in_post":null,"other_logs":null,"out_stock_days":0,"lost_sales":0,"has_location":false,"update_date":"2026-04-03T12:14:20","atum_locations":[],"atum_stock_status":"instock","restock_status":true,"low_stock_amount":"","sales_update_date":"2026-04-03T12:14:20","calc_backorders":0,"_links":{"self":[{"href":"https:\/\/pinkpeas.es\/ca\/wp-json\/wp\/v2\/product\/28255","targetHints":{"allow":["GET"]}}],"collection":[{"href":"https:\/\/pinkpeas.es\/ca\/wp-json\/wp\/v2\/product"}],"about":[{"href":"https:\/\/pinkpeas.es\/ca\/wp-json\/wp\/v2\/types\/product"}],"replies":[{"embeddable":true,"href":"https:\/\/pinkpeas.es\/ca\/wp-json\/wp\/v2\/comments?post=28255"}],"wp:featuredmedia":[{"embeddable":true,"href":"https:\/\/pinkpeas.es\/ca\/wp-json\/wp\/v2\/media\/28498"}],"wp:attachment":[{"href":"https:\/\/pinkpeas.es\/ca\/wp-json\/wp\/v2\/media?parent=28255"}],"wp:term":[{"taxonomy":"product_brand","embeddable":true,"href":"https:\/\/pinkpeas.es\/ca\/wp-json\/wp\/v2\/product_brand?post=28255"},{"taxonomy":"product_cat","embeddable":true,"href":"https:\/\/pinkpeas.es\/ca\/wp-json\/wp\/v2\/product_cat?post=28255"},{"taxonomy":"product_tag","embeddable":true,"href":"https:\/\/pinkpeas.es\/ca\/wp-json\/wp\/v2\/product_tag?post=28255"}],"curies":[{"name":"wp","href":"https:\/\/api.w.org\/{rel}","templated":true}]}}