{"id":28254,"date":"2025-04-03T15:53:39","date_gmt":"2025-04-03T13:53:39","guid":{"rendered":"https:\/\/seosemia.es\/clientes\/pinkpeas-nueva\/?post_type=product&#038;p=28254"},"modified":"2026-04-09T13:11:10","modified_gmt":"2026-04-09T11:11:10","slug":"alimento-humedo-para-gatos-con-canamo-nahrung-fur-tiere","status":"publish","type":"product","link":"https:\/\/pinkpeas.es\/ca\/producte\/alimento-humedo-para-gatos-con-canamo-nahrung-fur-tiere\/","title":{"rendered":"Alimento h\u00famedo para gatos con c\u00e1\u00f1amo &#8211; Nahrung f\u00fcr tiere"},"content":{"rendered":"<p>La l\u00ednea de <strong>comida h\u00fameda vegana para gatos de Nahrung f\u00fcr Tiere<\/strong> es nutricionalmente densa y equilibrada. Producida de forma artesanal en Alemania y desarrollada con un veterinario experimentado. Las necesidades proteicas de un gato adulto quedan cubiertas por <strong>prote\u00ednas vegetales de alta calidad como el c\u00e1\u00f1amo<\/strong>. Para mantener sano a su gato, se han a\u00f1adido todas las vitaminas, minerales y otros nutrientes esenciales nutricionalmente relevantes. Su receta est\u00e1 probada por un laboratorio independiente. El sabor es muy neutro por lo que puede mezclarse con el alimento seco habitual, levadura nutricional u otros saborizantes veganos.<\/p>\n<p>&nbsp;<\/p>","protected":false},"excerpt":{"rendered":"<p>Nahrung f\u00fcr Tiere presenta su nueva receta de comida h\u00fameda vegana para gatos de gran calidad. Con prote\u00edna de c\u00e1\u00f1amo y todos los nutrientes necesarios. Disponible en tarros de cristal de 180g.<\/p>","protected":false},"featured_media":26944,"comment_status":"open","ping_status":"closed","template":"","meta":[],"product_brand":[],"product_cat":[555,538],"product_tag":[541,512,513,515,533,520,521,522,558,524],"class_list":{"0":"post-28254","1":"product","2":"type-product","3":"status-publish","4":"has-post-thumbnail","6":"product_cat-comida-humeda-gatos","7":"product_cat-gatos","8":"product_tag-1-especie-gato","9":"product_tag-2-edad-adulto","10":"product_tag-2-edad-senior","11":"product_tag-3-producto-receta-completa","12":"product_tag-4-propiedades-proteina-novel","13":"product_tag-5-alergenos-sin-maiz","14":"product_tag-5-alergenos-sin-patata","15":"product_tag-5-alergenos-sin-soja","16":"product_tag-6-textura-pure","17":"product_tag-7-otros-marca-100-vegana","19":"first","20":"instock","21":"sale","22":"taxable","23":"shipping-taxable","24":"purchasable","25":"product-type-simple"},"supplier_id":30158,"supplier_sku":"","barcode":null,"atum_controlled":true,"out_stock_date":null,"out_stock_threshold":null,"inheritable":false,"inbound_stock":0,"stock_on_hold":0,"sold_today":0,"sales_last_days":0,"reserved_stock":0,"customer_returns":0,"warehouse_damage":0,"lost_in_post":0,"other_logs":0,"out_stock_days":0,"lost_sales":0,"has_location":false,"update_date":"2026-04-09T11:11:17","atum_locations":[],"atum_stock_status":"instock","restock_status":false,"low_stock_amount":12,"sales_update_date":"2026-04-08T20:40:35","calc_backorders":null,"_links":{"self":[{"href":"https:\/\/pinkpeas.es\/ca\/wp-json\/wp\/v2\/product\/28254","targetHints":{"allow":["GET"]}}],"collection":[{"href":"https:\/\/pinkpeas.es\/ca\/wp-json\/wp\/v2\/product"}],"about":[{"href":"https:\/\/pinkpeas.es\/ca\/wp-json\/wp\/v2\/types\/product"}],"replies":[{"embeddable":true,"href":"https:\/\/pinkpeas.es\/ca\/wp-json\/wp\/v2\/comments?post=28254"}],"wp:featuredmedia":[{"embeddable":true,"href":"https:\/\/pinkpeas.es\/ca\/wp-json\/wp\/v2\/media\/26944"}],"wp:attachment":[{"href":"https:\/\/pinkpeas.es\/ca\/wp-json\/wp\/v2\/media?parent=28254"}],"wp:term":[{"taxonomy":"product_brand","embeddable":true,"href":"https:\/\/pinkpeas.es\/ca\/wp-json\/wp\/v2\/product_brand?post=28254"},{"taxonomy":"product_cat","embeddable":true,"href":"https:\/\/pinkpeas.es\/ca\/wp-json\/wp\/v2\/product_cat?post=28254"},{"taxonomy":"product_tag","embeddable":true,"href":"https:\/\/pinkpeas.es\/ca\/wp-json\/wp\/v2\/product_tag?post=28254"}],"curies":[{"name":"wp","href":"https:\/\/api.w.org\/{rel}","templated":true}]}}