{"id":28243,"date":"2025-04-03T15:53:38","date_gmt":"2025-04-03T13:53:38","guid":{"rendered":"https:\/\/seosemia.es\/clientes\/pinkpeas-nueva\/?post_type=product&#038;p=28243"},"modified":"2025-12-30T22:03:51","modified_gmt":"2025-12-30T21:03:51","slug":"super-snouts-urinary-berry-ayuda-al-tracto-urinario","status":"publish","type":"product","link":"https:\/\/pinkpeas.es\/ca\/producte\/super-snouts-urinary-berry-ayuda-al-tracto-urinario\/","title":{"rendered":"Super Snouts Urinary Berry &#8211; Ayuda al tracto urinario"},"content":{"rendered":"<p><strong>Urinary Berry<\/strong> es un complemento alimenticio <strong>100% natural y vegano para perros y gatos<\/strong> compuesto \u00fanicamente por <strong>ar\u00e1ndano rojo y azul puros<\/strong>, sin colorantes, conservantes, aditivos ni subproductos. Estos dos s\u00faper alimentos son conocidos por ayudar en problemas del tracto urinario y por su alto valor en vitaminas y antioxidantes.<\/p>\n<h3>Beneficios<\/h3>\n<p>Previene y ayuda a tratar la infecci\u00f3n en la vejiga y el tracto urinario gracias a compuestos naturales antiadherentes (PAC\u2019s). Reduce y controla el PH de la orina gracias al ar\u00e1ndano rojo que ha probado ser acidificador seguro y efectivo de la orina, previene tambi\u00e9n la formaci\u00f3n de cristales en la vejiga (como los de estruvita) y, si estos son peque\u00f1os, puede llegar a disolverlos. No se recomienda en cristales de oxalato. Fortalece el sistema inmunol\u00f3gico ya que es rico en vitaminas A y C, fibras, calcio y prote\u00ednas; es un potente antioxidante que puede ayudar a prevenir enfermedades degenerativas y cardiovasculares, as\u00ed como mejorar la memoria en perros y gatos mayores y ralentizar el proceso de envejecimiento. Estimula tambi\u00e9n la circulaci\u00f3n al contener bioflavonoides que tienen un efecto anticoagulante en el organismo.<\/p>\n<p>&nbsp;<\/p>","protected":false},"excerpt":{"rendered":"<p>Urinary Berry es un complemento alimenticio 100% compuesto por ar\u00e1ndano rojo y azul puros. Contribuye al funcionamiento normal de la vejiga y los ri\u00f1ones, mantiene el PH normal de la orina y todo esto en un formato en polvo con buen sabor para mezclar con la comida. Disponible en envases de 75g.<\/p>","protected":false},"featured_media":26902,"comment_status":"open","ping_status":"closed","template":"","meta":[],"product_brand":[],"product_cat":[538,509,539,540],"product_tag":[541,511,512,513,542,516,517,543,550,554,518,519,520,521,522,545],"class_list":{"0":"post-28243","1":"product","2":"type-product","3":"status-publish","4":"has-post-thumbnail","6":"product_cat-gatos","7":"product_cat-perros","8":"product_cat-suplementacion-gatos","9":"product_cat-suplementacion-perros","10":"product_tag-1-especie-gato","11":"product_tag-1-especie-perro","12":"product_tag-2-edad-adulto","13":"product_tag-2-edad-senior","14":"product_tag-3-producto-nutraceutico-suplemento","15":"product_tag-4-propiedades-dieta-de-eliminacion","16":"product_tag-4-propiedades-estomago-sensible","17":"product_tag-4-propiedades-para-dieta-casera","18":"product_tag-4-propiedades-renal","19":"product_tag-4-propiedades-urinario","20":"product_tag-5-alergenos-sin-cereales","21":"product_tag-5-alergenos-sin-gluten","22":"product_tag-5-alergenos-sin-maiz","23":"product_tag-5-alergenos-sin-patata","24":"product_tag-5-alergenos-sin-soja","25":"product_tag-6-textura-polvo","27":"first","28":"instock","29":"taxable","30":"shipping-taxable","31":"purchasable","32":"product-type-simple"},"supplier_id":30159,"supplier_sku":"","barcode":"712411981402","atum_controlled":true,"out_stock_date":null,"out_stock_threshold":null,"inheritable":false,"inbound_stock":0,"stock_on_hold":0,"sold_today":0,"sales_last_days":0,"reserved_stock":0,"customer_returns":0,"warehouse_damage":0,"lost_in_post":0,"other_logs":0,"out_stock_days":0,"lost_sales":0,"has_location":false,"update_date":"2026-03-19T12:59:53","atum_locations":[],"atum_stock_status":"instock","restock_status":false,"low_stock_amount":1,"sales_update_date":"2026-03-19T12:59:53","calc_backorders":null,"_links":{"self":[{"href":"https:\/\/pinkpeas.es\/ca\/wp-json\/wp\/v2\/product\/28243","targetHints":{"allow":["GET"]}}],"collection":[{"href":"https:\/\/pinkpeas.es\/ca\/wp-json\/wp\/v2\/product"}],"about":[{"href":"https:\/\/pinkpeas.es\/ca\/wp-json\/wp\/v2\/types\/product"}],"replies":[{"embeddable":true,"href":"https:\/\/pinkpeas.es\/ca\/wp-json\/wp\/v2\/comments?post=28243"}],"wp:featuredmedia":[{"embeddable":true,"href":"https:\/\/pinkpeas.es\/ca\/wp-json\/wp\/v2\/media\/26902"}],"wp:attachment":[{"href":"https:\/\/pinkpeas.es\/ca\/wp-json\/wp\/v2\/media?parent=28243"}],"wp:term":[{"taxonomy":"product_brand","embeddable":true,"href":"https:\/\/pinkpeas.es\/ca\/wp-json\/wp\/v2\/product_brand?post=28243"},{"taxonomy":"product_cat","embeddable":true,"href":"https:\/\/pinkpeas.es\/ca\/wp-json\/wp\/v2\/product_cat?post=28243"},{"taxonomy":"product_tag","embeddable":true,"href":"https:\/\/pinkpeas.es\/ca\/wp-json\/wp\/v2\/product_tag?post=28243"}],"curies":[{"name":"wp","href":"https:\/\/api.w.org\/{rel}","templated":true}]}}