{"id":28242,"date":"2025-04-03T15:53:38","date_gmt":"2025-04-03T13:53:38","guid":{"rendered":"https:\/\/seosemia.es\/clientes\/pinkpeas-nueva\/?post_type=product&#038;p=28242"},"modified":"2026-03-24T23:51:08","modified_gmt":"2026-03-24T22:51:08","slug":"cistiwow-perros-suplemento-vegano-urinario","status":"publish","type":"product","link":"https:\/\/pinkpeas.es\/ca\/producte\/cistiwow-perros-suplemento-vegano-urinario\/","title":{"rendered":"CistiWow Perros &#8211; Suplemento vegano urinario"},"content":{"rendered":"<p><strong>Wowzen Cistiwow<\/strong> para perros est\u00e1 recomendado para problemas del aparato urinario usualmente derivados de pat\u00f3genos externos. <strong>Ayuda a reducir la p\u00e9rdida involuntaria de orina y a fortalecer el tracto urinario.<\/strong> Cistiwow contiene extracto de hibisco conocido por ayudar a potenciar el efecto de los antibi\u00f3ticos en infecciones urinarias y ayudar a prevenir dichas infecciones tanto si son habituales como si no. Tambi\u00e9n contiene extracto de ar\u00e1ndano rojo con unas propiedades similares adem\u00e1s de ayudar a la antiadherencia bacteriana. Su f\u00f3rmula libre de cereales e ingredientes de origen animal la hace apta para animales con sensibilidades alimentarias.<\/p>\n<p>&nbsp;<\/p>","protected":false},"excerpt":{"rendered":"<p>Wowzen Cistiwow favorece la salud urinaria en perros con una f\u00f3rmula vegana y sin cereales. Presentado en envases de 24 comprimidos de 400mg.<\/p>","protected":false},"featured_media":26936,"comment_status":"open","ping_status":"closed","template":"","meta":[],"product_brand":[],"product_cat":[509,540],"product_tag":[511,512,513,542,554,518,519,520,521,522],"class_list":{"0":"post-28242","1":"product","2":"type-product","3":"status-publish","4":"has-post-thumbnail","6":"product_cat-perros","7":"product_cat-suplementacion-perros","8":"product_tag-1-especie-perro","9":"product_tag-2-edad-adulto","10":"product_tag-2-edad-senior","11":"product_tag-3-producto-nutraceutico-suplemento","12":"product_tag-4-propiedades-urinario","13":"product_tag-5-alergenos-sin-cereales","14":"product_tag-5-alergenos-sin-gluten","15":"product_tag-5-alergenos-sin-maiz","16":"product_tag-5-alergenos-sin-patata","17":"product_tag-5-alergenos-sin-soja","19":"first","20":"instock","21":"taxable","22":"shipping-taxable","23":"purchasable","24":"product-type-simple"},"supplier_id":30151,"supplier_sku":"","barcode":"8422947076139","atum_controlled":true,"out_stock_date":null,"out_stock_threshold":null,"inheritable":false,"inbound_stock":0,"stock_on_hold":0,"sold_today":0,"sales_last_days":0,"reserved_stock":0,"customer_returns":0,"warehouse_damage":0,"lost_in_post":0,"other_logs":0,"out_stock_days":0,"lost_sales":0,"has_location":false,"update_date":"2026-03-30T10:48:36","atum_locations":[],"atum_stock_status":"instock","restock_status":false,"low_stock_amount":1,"sales_update_date":"2026-03-30T10:48:36","calc_backorders":null,"_links":{"self":[{"href":"https:\/\/pinkpeas.es\/ca\/wp-json\/wp\/v2\/product\/28242","targetHints":{"allow":["GET"]}}],"collection":[{"href":"https:\/\/pinkpeas.es\/ca\/wp-json\/wp\/v2\/product"}],"about":[{"href":"https:\/\/pinkpeas.es\/ca\/wp-json\/wp\/v2\/types\/product"}],"replies":[{"embeddable":true,"href":"https:\/\/pinkpeas.es\/ca\/wp-json\/wp\/v2\/comments?post=28242"}],"wp:featuredmedia":[{"embeddable":true,"href":"https:\/\/pinkpeas.es\/ca\/wp-json\/wp\/v2\/media\/26936"}],"wp:attachment":[{"href":"https:\/\/pinkpeas.es\/ca\/wp-json\/wp\/v2\/media?parent=28242"}],"wp:term":[{"taxonomy":"product_brand","embeddable":true,"href":"https:\/\/pinkpeas.es\/ca\/wp-json\/wp\/v2\/product_brand?post=28242"},{"taxonomy":"product_cat","embeddable":true,"href":"https:\/\/pinkpeas.es\/ca\/wp-json\/wp\/v2\/product_cat?post=28242"},{"taxonomy":"product_tag","embeddable":true,"href":"https:\/\/pinkpeas.es\/ca\/wp-json\/wp\/v2\/product_tag?post=28242"}],"curies":[{"name":"wp","href":"https:\/\/api.w.org\/{rel}","templated":true}]}}