{"id":28228,"date":"2025-04-03T15:53:38","date_gmt":"2025-04-03T13:53:38","guid":{"rendered":"https:\/\/seosemia.es\/clientes\/pinkpeas-nueva\/?post_type=product&#038;p=28228"},"modified":"2026-01-01T19:32:40","modified_gmt":"2026-01-01T18:32:40","slug":"hownd-superfood-pack-6x-comida-humeda-completa-para-perros","status":"publish","type":"product","link":"https:\/\/pinkpeas.es\/ca\/producte\/hownd-superfood-pack-6x-comida-humeda-completa-para-perros\/","title":{"rendered":"HOWND Superfood Pack 6x Comida h\u00fameda completa para perros"},"content":{"rendered":"<p>La selecci\u00f3n de comida h\u00fameda HOWND contiene 3 recetas completas, sin gluten y 100% vegetales para perros adultos. Estas recetas son naturalmente hipoalerg\u00e9nicas y altas en prote\u00ednas. Su f\u00f3rmula aprobada por veterinarios es adecuada para perros con intolerancias a las prote\u00ednas animales, est\u00f3magos delicados, piel sensible o que necesitan dietas bajas en purinas y grasas. Las recetas de este pack incluyen vitamina D3 vegana adem\u00e1s de antioxidantes, probi\u00f3ticos y prebi\u00f3tico. No contienen ingredientes modificados gen\u00e9ticamente, ni trigo, soja, rellenos, aditivos, conservantes, colorantes o sabores artificiales y, por supuesto, nada de carne. Se puede mezclar con la comida actual como complemento. Para una buena aceptaci\u00f3n, se recomienda ofrecer a temperatura ambiente una o dos veces al d\u00eda y tener siempre a mano un recipiente con agua fresca. Si est\u00e1s cambiando de alimento, es importante introducir el nuevo gradualmente durante 2 semanas. Guardar en un lugar fresco y seco. Una vez abierto, refrigerar y usar en un periodo de 2 d\u00edas. El Wetfood Superfood Pack contiene 2 latas de 400g de Porridge de Ar\u00e1ndanos, 2 latas de 400g de Dahl de lentejas y papaya y 2 latas de 400g de Cazuela de Quinoa y Calabaza.<\/p>\n<p>&nbsp;<\/p>","protected":false},"excerpt":{"rendered":"<p>La selecci\u00f3n de comida h\u00fameda HOWND contiene 3 recetas completas, sin gluten y 100% vegetales para perros adultos. Estas recetas son naturalmente hipoalerg\u00e9nicas, altas en prote\u00ednas, bajas en grasas y purinas. El Wetfood Superfood Pack contiene 2 latas de 400g de Porridge de Ar\u00e1ndanos, 2 latas de 400g de Dahl de lentejas y papaya y 2 latas de 400g de Cazuela de Quinoa y Calabaza.<\/p>","protected":false},"featured_media":28448,"comment_status":"open","ping_status":"closed","template":"","meta":[],"product_brand":[617],"product_cat":[530,534,535,509],"product_tag":[511,512,513,531,515,551,529,559,517,548,549,544,533,519,520,522,524],"class_list":{"0":"post-28228","1":"product","2":"type-product","3":"status-publish","4":"has-post-thumbnail","6":"product_brand-hownd","7":"product_cat-comida-humeda-perros","8":"product_cat-packs","9":"product_cat-packs-perros","10":"product_cat-perros","11":"product_tag-1-especie-perro","12":"product_tag-2-edad-adulto","13":"product_tag-2-edad-senior","14":"product_tag-3-producto-alimento-humedo","15":"product_tag-3-producto-receta-completa","16":"product_tag-4-propiedades-alto-en-proteina","17":"product_tag-4-propiedades-bajo-en-grasa","18":"product_tag-4-propiedades-bajo-en-purinas","19":"product_tag-4-propiedades-estomago-sensible","20":"product_tag-4-propiedades-hipoalergenico","21":"product_tag-4-propiedades-obesidad","22":"product_tag-4-propiedades-piel-sensible","23":"product_tag-4-propiedades-proteina-novel","24":"product_tag-5-alergenos-sin-gluten","25":"product_tag-5-alergenos-sin-maiz","26":"product_tag-5-alergenos-sin-soja","27":"product_tag-7-otros-marca-100-vegana","29":"first","30":"outofstock","31":"sale","32":"taxable","33":"shipping-taxable","34":"purchasable","35":"product-type-woosb"},"supplier_id":30169,"supplier_sku":"","barcode":null,"atum_controlled":true,"out_stock_date":null,"out_stock_threshold":null,"inheritable":false,"inbound_stock":null,"stock_on_hold":0,"sold_today":0,"sales_last_days":0,"reserved_stock":null,"customer_returns":null,"warehouse_damage":null,"lost_in_post":null,"other_logs":null,"out_stock_days":0,"lost_sales":0,"has_location":false,"update_date":"2026-01-01T18:32:42","atum_locations":[],"atum_stock_status":"outofstock","restock_status":false,"low_stock_amount":"","sales_update_date":"2025-12-30T22:49:58","calc_backorders":null,"_links":{"self":[{"href":"https:\/\/pinkpeas.es\/ca\/wp-json\/wp\/v2\/product\/28228","targetHints":{"allow":["GET"]}}],"collection":[{"href":"https:\/\/pinkpeas.es\/ca\/wp-json\/wp\/v2\/product"}],"about":[{"href":"https:\/\/pinkpeas.es\/ca\/wp-json\/wp\/v2\/types\/product"}],"replies":[{"embeddable":true,"href":"https:\/\/pinkpeas.es\/ca\/wp-json\/wp\/v2\/comments?post=28228"}],"wp:featuredmedia":[{"embeddable":true,"href":"https:\/\/pinkpeas.es\/ca\/wp-json\/wp\/v2\/media\/28448"}],"wp:attachment":[{"href":"https:\/\/pinkpeas.es\/ca\/wp-json\/wp\/v2\/media?parent=28228"}],"wp:term":[{"taxonomy":"product_brand","embeddable":true,"href":"https:\/\/pinkpeas.es\/ca\/wp-json\/wp\/v2\/product_brand?post=28228"},{"taxonomy":"product_cat","embeddable":true,"href":"https:\/\/pinkpeas.es\/ca\/wp-json\/wp\/v2\/product_cat?post=28228"},{"taxonomy":"product_tag","embeddable":true,"href":"https:\/\/pinkpeas.es\/ca\/wp-json\/wp\/v2\/product_tag?post=28228"}],"curies":[{"name":"wp","href":"https:\/\/api.w.org\/{rel}","templated":true}]}}