{"id":28226,"date":"2025-04-03T15:53:30","date_gmt":"2025-04-03T13:53:30","guid":{"rendered":"https:\/\/seosemia.es\/clientes\/pinkpeas-nueva\/?post_type=product&#038;p=28226"},"modified":"2026-04-03T14:25:45","modified_gmt":"2026-04-03T12:25:45","slug":"hownd-starter-pack-pienso-latas-y-snacks-para-perro-adulto","status":"publish","type":"product","link":"https:\/\/pinkpeas.es\/ca\/producte\/hownd-starter-pack-pienso-latas-y-snacks-para-perro-adulto\/","title":{"rendered":"HOWND Starter Pack Pienso, latas y snacks para perro adulto"},"content":{"rendered":"<p>La selecci\u00f3n de degustaci\u00f3n de comida o Superfood Starter Pack de HOWND contiene una selecci\u00f3n de productos HOWND con recetas de alta calidad, completas y 100% vegetales para perros adultos. Esta selecci\u00f3n vegana es hipoalerg\u00e9nica y est\u00e1 repleta de antioxidantes, vitaminas y minerales que la convierten en SuperFood. Su f\u00f3rmula aprobada por veterinarios es adecuada para perros con intolerancias a las prote\u00ednas animales, est\u00f3magos delicados, piel sensible o que necesitan dietas bajas en purinas y grasas. Las recetas HOWND incluyen vitamina D3 vegana adem\u00e1s de antioxidantes, probi\u00f3ticos y prebi\u00f3tico. No contiene ingredientes modificados gen\u00e9ticamente, ni trigo, soja, rellenos, aditivos, conservantes, colorantes o sabores artificiales y, por supuesto, nada de carne. Contiene 1 saco SuperFood de 2kg, 1 lata de 400g de Porridge de ar\u00e1ndanos, 1 lata de 400g de Dahl de lentejas y coco, 1 lata de 400g de Cazuela de quinoa, 1 snack Got an Itch, 1 snack Keep Calm y 1 snack Yup You Stink.<\/p>\n<p>&nbsp;<\/p>","protected":false},"excerpt":{"rendered":"<p>El Superfood Starter Pack de HOWND contiene una selecci\u00f3n de productos de la marca. Con recetas completas, veganas y de alta calidad para perros adultos este pack contiene combinaciones hipoalerg\u00e9nicas repletas de antioxidantes naturales. Contiene 1 saco SuperFood de 2kg, 1 lata de 400g de Porridge de ar\u00e1ndanos, 1 lata de 400g de Dahl de lentejas y coco, 1 lata de 400g de Cazuela de quinoa, 1 snack Got an Itch, 1 snack Keep Calm y 1 snack Yup You Stink.<\/p>","protected":false},"featured_media":28450,"comment_status":"open","ping_status":"closed","template":"","meta":[],"product_brand":[617],"product_cat":[534,535,509,525],"product_tag":[511,512,513,531,514,527,515,528,551,529,559,516,517,548,549,544,533,519,520,522,524],"class_list":{"0":"post-28226","1":"product","2":"type-product","3":"status-publish","4":"has-post-thumbnail","6":"product_brand-hownd","7":"product_cat-packs","8":"product_cat-packs-perros","9":"product_cat-perros","10":"product_cat-snacks-perros","11":"product_tag-1-especie-perro","12":"product_tag-2-edad-adulto","13":"product_tag-2-edad-senior","14":"product_tag-3-producto-alimento-humedo","15":"product_tag-3-producto-alimento-seco","16":"product_tag-3-producto-receta-complementaria","17":"product_tag-3-producto-receta-completa","18":"product_tag-3-producto-snack","19":"product_tag-4-propiedades-alto-en-proteina","20":"product_tag-4-propiedades-bajo-en-grasa","21":"product_tag-4-propiedades-bajo-en-purinas","22":"product_tag-4-propiedades-dieta-de-eliminacion","23":"product_tag-4-propiedades-estomago-sensible","24":"product_tag-4-propiedades-hipoalergenico","25":"product_tag-4-propiedades-obesidad","26":"product_tag-4-propiedades-piel-sensible","27":"product_tag-4-propiedades-proteina-novel","28":"product_tag-5-alergenos-sin-gluten","29":"product_tag-5-alergenos-sin-maiz","30":"product_tag-5-alergenos-sin-soja","31":"product_tag-7-otros-marca-100-vegana","33":"first","34":"outofstock","35":"taxable","36":"shipping-taxable","37":"purchasable","38":"product-type-woosb"},"supplier_id":30169,"supplier_sku":"","barcode":null,"atum_controlled":true,"out_stock_date":null,"out_stock_threshold":null,"inheritable":false,"inbound_stock":null,"stock_on_hold":0,"sold_today":0,"sales_last_days":1,"reserved_stock":null,"customer_returns":null,"warehouse_damage":null,"lost_in_post":null,"other_logs":null,"out_stock_days":0,"lost_sales":0,"has_location":false,"update_date":"2026-04-03T12:25:55","atum_locations":[],"atum_stock_status":"outofstock","restock_status":false,"low_stock_amount":"","sales_update_date":"2025-10-15T13:53:41","calc_backorders":null,"_links":{"self":[{"href":"https:\/\/pinkpeas.es\/ca\/wp-json\/wp\/v2\/product\/28226","targetHints":{"allow":["GET"]}}],"collection":[{"href":"https:\/\/pinkpeas.es\/ca\/wp-json\/wp\/v2\/product"}],"about":[{"href":"https:\/\/pinkpeas.es\/ca\/wp-json\/wp\/v2\/types\/product"}],"replies":[{"embeddable":true,"href":"https:\/\/pinkpeas.es\/ca\/wp-json\/wp\/v2\/comments?post=28226"}],"wp:featuredmedia":[{"embeddable":true,"href":"https:\/\/pinkpeas.es\/ca\/wp-json\/wp\/v2\/media\/28450"}],"wp:attachment":[{"href":"https:\/\/pinkpeas.es\/ca\/wp-json\/wp\/v2\/media?parent=28226"}],"wp:term":[{"taxonomy":"product_brand","embeddable":true,"href":"https:\/\/pinkpeas.es\/ca\/wp-json\/wp\/v2\/product_brand?post=28226"},{"taxonomy":"product_cat","embeddable":true,"href":"https:\/\/pinkpeas.es\/ca\/wp-json\/wp\/v2\/product_cat?post=28226"},{"taxonomy":"product_tag","embeddable":true,"href":"https:\/\/pinkpeas.es\/ca\/wp-json\/wp\/v2\/product_tag?post=28226"}],"curies":[{"name":"wp","href":"https:\/\/api.w.org\/{rel}","templated":true}]}}