{"id":28193,"date":"2025-04-03T15:53:27","date_gmt":"2025-04-03T13:53:27","guid":{"rendered":"https:\/\/seosemia.es\/clientes\/pinkpeas-nueva\/?post_type=product&#038;p=28193"},"modified":"2026-01-16T23:32:05","modified_gmt":"2026-01-16T22:32:05","slug":"super-snouts-supershrooms-regula-y-refuerza-el-sistema-inmune","status":"publish","type":"product","link":"https:\/\/pinkpeas.es\/ca\/producte\/super-snouts-supershrooms-regula-y-refuerza-el-sistema-inmune\/","title":{"rendered":"Super Snouts Supershrooms &#8211; Regula y refuerza el sistema inmune"},"content":{"rendered":"<p><strong>Super Shrooms<\/strong> es un complemento alimenticio <strong>100% natural y vegano para perros y gatos<\/strong>. compuesto por una mezcla de 7 hongos medicinales org\u00e1nicos cultivados con altos est\u00e1ndares de calidad en Estados Unidos. Estos 7 hongos son reishi, shiitake, maitake, cordyceps, chaga, melena de le\u00f3n y cola de pavo. La potente combinaci\u00f3n de estos hongos permite crear una mezcla altamente eficaz como inmunododulador (tanto preventivo como si ya hay problemas del sistema inmune) gracias a los beta-glucanos. Al regular el sistema inmune, lo refuerza si este est\u00e1 bajo y lo equilibra si est\u00e1 alto. As\u00ed, ayuda a tener un sistema inmune con mejor funcionamiento y m\u00e1s efectivo ante infecciones, par\u00e1sitos y enfermedades.<\/p>\n<p>Los Super Shrooms contienen compuestos bioactivos que tienen la capacidad de neutralizar toxinas, promover enzimas protectoras y disminuir el estr\u00e9s oxidativo. Destacan sus beneficios sobre la salud cardiovascular y los efectos sobre el sistema nervioso y el tejido conjuntivo. Est\u00e1 especialmente indicado para <strong>perros senior<\/strong>, por su fuerte carga antioxidante y su ayuda a los huesos y las articulaciones. Se puede usar tanto en animales sanos como en animales con problemas concretos.<\/p>\n<h3>Beneficios<\/h3>\n<p>Algunos de los beneficios de los hongos de Supershrooms son los siguientes. <strong>Chaga<\/strong>: ayuda al buen funcionamiento de ri\u00f1ones y vejiga, modula el sistema inmunitario, ayuda a reducir el colesterol y la tensi\u00f3n arterial, tiene efecto antiinflamatorio y analg\u00e9sico lo cual ayuda en casos de artritis y artrosis, ayuda en tratamientos de pancreatitis y, en casos de diabetes, ayuda a regular los niveles de az\u00facar en sangre. <strong>Cordyceps<\/strong>: refuerza la producci\u00f3n de energ\u00eda lo cual es muy interesante en casos de esfuerzo, estr\u00e9s o envejecimiento, mejora la funci\u00f3n cardio-respiratoria, ayuda al rendimiento deportivo, tiene propiedades antif\u00fangicas y antibacterianas y ayuda en casos de insuficiencia renal. <strong>Melena de le\u00f3n<\/strong>: ayuda en procesos de gastritis, reflujo gastroesof\u00e1gico y dificultad digestiva, \u00falcera g\u00e1strica o duodenal, act\u00faa como protector de est\u00f3mago y ayuda en alergias alimentarias. <strong>Maitake<\/strong>: refuerza el sistema inmunol\u00f3gico gracias a su gran cantidad de beta-glucanos, ayuda con los efectos secundarios de la quimioterapia, tiene acci\u00f3n antiinflamatoria. <strong>Reishi<\/strong>: tiene efectos antitumorales, antiinflamatorios y antivirales, ayuda en casos de artritis reumatoide, se le considera un adapt\u00f3geno y contribuye a frenar la producci\u00f3n de histamina para ayudar en los procesos al\u00e9rgicos e inflamatorios. <strong>Shiitake<\/strong>: previene el colesterol, tiene propiedades inmunomoduladoras, anticancer\u00edgenas, antivirales y hepatoprotectoras, ayuda con los eczemas y la placa dental, contiene calcio, zinc, magnesio, hierro y selenio que ayudan a mejorar la circulaci\u00f3n. <strong>Cola de pavo<\/strong>: tiene acci\u00f3n anticancer\u00edgena, reduce los efectos secundarios de la quimioterapia, tiene efectos inmunomoduladores, ayuda en casos de alergias y a reconstruir el tejido conectivo promoviendo la salud articular y protege la microbiota.<\/p>\n<p>&nbsp;<\/p>","protected":false},"excerpt":{"rendered":"<p>Supershrooms es un complemento alimenticio 100% natural compuesto por una mezcla de 7 hongos medicinales org\u00e1nicos (reishi, shiitake, maitake, cordyceps, chaga, melena de le\u00f3n y cola de pavo). Ayuda a reforzar la salud inmunol\u00f3gica con un formato en polvo con muy buen sabor para mezclar con la comida. Disponible en envases de 75g.<\/p>","protected":false},"featured_media":26892,"comment_status":"open","ping_status":"closed","template":"","meta":[],"product_brand":[],"product_cat":[538,509,539,540],"product_tag":[541,511,512,513,542,546,516,517,547,543,550,518,519,520,521,522,545],"class_list":{"0":"post-28193","1":"product","2":"type-product","3":"status-publish","4":"has-post-thumbnail","6":"product_cat-gatos","7":"product_cat-perros","8":"product_cat-suplementacion-gatos","9":"product_cat-suplementacion-perros","10":"product_tag-1-especie-gato","11":"product_tag-1-especie-perro","12":"product_tag-2-edad-adulto","13":"product_tag-2-edad-senior","14":"product_tag-3-producto-nutraceutico-suplemento","15":"product_tag-4-propiedades-dental","16":"product_tag-4-propiedades-dieta-de-eliminacion","17":"product_tag-4-propiedades-estomago-sensible","18":"product_tag-4-propiedades-hepatico","19":"product_tag-4-propiedades-para-dieta-casera","20":"product_tag-4-propiedades-renal","21":"product_tag-5-alergenos-sin-cereales","22":"product_tag-5-alergenos-sin-gluten","23":"product_tag-5-alergenos-sin-maiz","24":"product_tag-5-alergenos-sin-patata","25":"product_tag-5-alergenos-sin-soja","26":"product_tag-6-textura-polvo","28":"first","29":"instock","30":"taxable","31":"shipping-taxable","32":"purchasable","33":"product-type-simple"},"supplier_id":30159,"supplier_sku":"","barcode":"71241198139","atum_controlled":true,"out_stock_date":null,"out_stock_threshold":null,"inheritable":false,"inbound_stock":0,"stock_on_hold":0,"sold_today":0,"sales_last_days":0,"reserved_stock":0,"customer_returns":0,"warehouse_damage":0,"lost_in_post":0,"other_logs":0,"out_stock_days":0,"lost_sales":0,"has_location":false,"update_date":"2026-04-16T14:25:54","atum_locations":[],"atum_stock_status":"instock","restock_status":false,"low_stock_amount":1,"sales_update_date":"2026-04-16T14:25:54","calc_backorders":null,"_links":{"self":[{"href":"https:\/\/pinkpeas.es\/ca\/wp-json\/wp\/v2\/product\/28193","targetHints":{"allow":["GET"]}}],"collection":[{"href":"https:\/\/pinkpeas.es\/ca\/wp-json\/wp\/v2\/product"}],"about":[{"href":"https:\/\/pinkpeas.es\/ca\/wp-json\/wp\/v2\/types\/product"}],"replies":[{"embeddable":true,"href":"https:\/\/pinkpeas.es\/ca\/wp-json\/wp\/v2\/comments?post=28193"}],"wp:featuredmedia":[{"embeddable":true,"href":"https:\/\/pinkpeas.es\/ca\/wp-json\/wp\/v2\/media\/26892"}],"wp:attachment":[{"href":"https:\/\/pinkpeas.es\/ca\/wp-json\/wp\/v2\/media?parent=28193"}],"wp:term":[{"taxonomy":"product_brand","embeddable":true,"href":"https:\/\/pinkpeas.es\/ca\/wp-json\/wp\/v2\/product_brand?post=28193"},{"taxonomy":"product_cat","embeddable":true,"href":"https:\/\/pinkpeas.es\/ca\/wp-json\/wp\/v2\/product_cat?post=28193"},{"taxonomy":"product_tag","embeddable":true,"href":"https:\/\/pinkpeas.es\/ca\/wp-json\/wp\/v2\/product_tag?post=28193"}],"curies":[{"name":"wp","href":"https:\/\/api.w.org\/{rel}","templated":true}]}}