{"id":28192,"date":"2025-04-03T15:53:27","date_gmt":"2025-04-03T13:53:27","guid":{"rendered":"https:\/\/seosemia.es\/clientes\/pinkpeas-nueva\/?post_type=product&#038;p=28192"},"modified":"2026-04-13T16:42:48","modified_gmt":"2026-04-13T14:42:48","slug":"vegavero-glucosamina-complex-condroprotector-para-perros-y-gatos","status":"publish","type":"product","link":"https:\/\/pinkpeas.es\/ca\/producte\/vegavero-glucosamina-complex-condroprotector-para-perros-y-gatos\/","title":{"rendered":"Vegavero Glucosamina Complex condroprotector para perros y gatos"},"content":{"rendered":"<p><strong>Glucosamine Complex de Vegavero<\/strong> es un condroprotector vegano de una gran calidad apto para perros y gatos aunque est\u00e9 originalmente formulado para humanos. Espec\u00edficamente <strong>dise\u00f1ado para la salud articular<\/strong>, contiene glucosamina vegana obtenida de procesos de fermentaci\u00f3n y fitodroitina, la alternativa vegetal de la condroitina. Tambi\u00e9n contiene MSM que como compuesto de azufre es importante en la salud articular y extracto de garra del diablo contiene un 2% de harpag\u00f3sido con propiedades antiinflamatorias. La formulaci\u00f3n incluye vitamina C y zinc para una salud articular hol\u00edstica contribuyendo a la salud \u00f3sea y cartilaginosa al estimular la formaci\u00f3n de col\u00e1geno.<\/p>\n<p>Sin aditivos sint\u00e9ticos, fabricado en Alemania.<\/p>\n<p>&nbsp;<\/p>","protected":false},"excerpt":{"rendered":"<p>Glucosamine Complex de Vegavero es un condroprotector vegano apto para perros y gatos. Su f\u00f3rmula \u00fanica libre de ingredientes animales incluye fitodroitina y glucosamina vegana. Disponible en envases de 180 c\u00e1psulas.<\/p>","protected":false},"featured_media":27250,"comment_status":"open","ping_status":"closed","template":"","meta":[],"product_brand":[],"product_cat":[538,509,539,540],"product_tag":[541,511,542,537,543],"class_list":{"0":"post-28192","1":"product","2":"type-product","3":"status-publish","4":"has-post-thumbnail","6":"product_cat-gatos","7":"product_cat-perros","8":"product_cat-suplementacion-gatos","9":"product_cat-suplementacion-perros","10":"product_tag-1-especie-gato","11":"product_tag-1-especie-perro","12":"product_tag-3-producto-nutraceutico-suplemento","13":"product_tag-4-propiedades-articular","14":"product_tag-4-propiedades-para-dieta-casera","16":"first","17":"instock","18":"taxable","19":"shipping-taxable","20":"purchasable","21":"product-type-simple"},"supplier_id":30153,"supplier_sku":"","barcode":"X0014244DF","atum_controlled":true,"out_stock_date":null,"out_stock_threshold":null,"inheritable":false,"inbound_stock":0,"stock_on_hold":1,"sold_today":0,"sales_last_days":1,"reserved_stock":0,"customer_returns":0,"warehouse_damage":0,"lost_in_post":0,"other_logs":0,"out_stock_days":0,"lost_sales":0,"has_location":false,"update_date":"2026-04-13T14:42:52","atum_locations":[],"atum_stock_status":"instock","restock_status":false,"low_stock_amount":2,"sales_update_date":"2026-04-13T14:42:38","calc_backorders":null,"_links":{"self":[{"href":"https:\/\/pinkpeas.es\/ca\/wp-json\/wp\/v2\/product\/28192","targetHints":{"allow":["GET"]}}],"collection":[{"href":"https:\/\/pinkpeas.es\/ca\/wp-json\/wp\/v2\/product"}],"about":[{"href":"https:\/\/pinkpeas.es\/ca\/wp-json\/wp\/v2\/types\/product"}],"replies":[{"embeddable":true,"href":"https:\/\/pinkpeas.es\/ca\/wp-json\/wp\/v2\/comments?post=28192"}],"wp:featuredmedia":[{"embeddable":true,"href":"https:\/\/pinkpeas.es\/ca\/wp-json\/wp\/v2\/media\/27250"}],"wp:attachment":[{"href":"https:\/\/pinkpeas.es\/ca\/wp-json\/wp\/v2\/media?parent=28192"}],"wp:term":[{"taxonomy":"product_brand","embeddable":true,"href":"https:\/\/pinkpeas.es\/ca\/wp-json\/wp\/v2\/product_brand?post=28192"},{"taxonomy":"product_cat","embeddable":true,"href":"https:\/\/pinkpeas.es\/ca\/wp-json\/wp\/v2\/product_cat?post=28192"},{"taxonomy":"product_tag","embeddable":true,"href":"https:\/\/pinkpeas.es\/ca\/wp-json\/wp\/v2\/product_tag?post=28192"}],"curies":[{"name":"wp","href":"https:\/\/api.w.org\/{rel}","templated":true}]}}