{"id":28183,"date":"2025-04-03T15:53:26","date_gmt":"2025-04-03T13:53:26","guid":{"rendered":"https:\/\/seosemia.es\/clientes\/pinkpeas-nueva\/?post_type=product&#038;p=28183"},"modified":"2026-03-08T14:32:42","modified_gmt":"2026-03-08T13:32:42","slug":"vegdog-adult-lentejas-y-mijo-comida-humeda-para-perros","status":"publish","type":"product","link":"https:\/\/pinkpeas.es\/ca\/producte\/vegdog-adult-lentejas-y-mijo-comida-humeda-para-perros\/","title":{"rendered":"VEGDOG Adult Lentejas y Mijo &#8211; Comida h\u00fameda para Perros"},"content":{"rendered":"<p>Amb <strong>VEGDOG ADULT<\/strong> puedes alimentar de forma vegana y saludable a tu perro ya que le proporciona todos los nutrientes vitales. Las recetas est\u00e1n desarrolladas junto con veterinarios especialistas especialmente formuladas <strong>para perros adultos a partir de doce meses de edad<\/strong>. El alimento es adecuado como dieta de exclusi\u00f3n y es digerible para perros con alergias, cubre adecuadamente sus necesidades proteicas al utilizar copos de avena, prote\u00ednas de altramuz y guisantes.<\/p>\n<h3>Fuentes principales de prote\u00ednas<\/h3>\n<p>A diferencia de los piensos omn\u00edvoros, VEGDOG ADULT contiene fuentes de prote\u00ednas alternativas que aportan amino\u00e1cidos a su perro de forma \u00f3ptima, tambi\u00e9n aporta \u00e1cidos grasos esenciales omega-3 y omega-6 que provienen de las semillas de lino y las algas que contiene. El polvo mineral desarrollado para las recetas de VEGDOG proporciona otros micronutrientes vitales como B12, taurina y carnitina, complementa los ingredientes saludables del <strong>mijo, las patatas, las lentejas, los guisantes y las espinacas<\/strong>. VEGDOG ADULT cubre totalmente las necesidades de tu animal sin recurrir a ingredientes de origen animal. Estas recetas no est\u00e1n probadas en animales ni contienen atrayentes, colorantes ni conservantes. Los ingredientes cumplen con los m\u00e1s altos est\u00e1ndares de calidad.<\/p>\n<h3>Recomendaciones<\/h3>\n<p>Las recomendaciones de alimentaci\u00f3n son s\u00f3lo pautas; las necesidades de cada perro pueden variar. En el caso de un cambio de dieta debe hacerse lentamente durante al menos 3 semanas. Reducir progresivamente la comida habitual y sustituir la cantidad por la variedad VEGDOG elegida. Para perros sensibles a los alimentos, conviene alargar un poco m\u00e1s el proceso a como m\u00ednimo 4 semanas. Es importante tener en cuenta que en las primeras semanas despu\u00e9s del cambio puede haber un cambio en la cantidad y consistencia de las heces, as\u00ed como un aumento de la formaci\u00f3n de gases. Sin embargo, despu\u00e9s del per\u00edodo de transici\u00f3n, esto deber\u00eda suceder cada vez menos y despu\u00e9s de unas semanas deber\u00eda desaparecer.<\/p>\n<p>Proporcione siempre agua fresca a su perro. Guardar en lugar fresco y seco. Vida \u00fatil despu\u00e9s de la apertura.: Vea la parte inferior de la lata para ver la fecha de caducidad. Vida \u00fatil m\u00ednima: 2 a\u00f1os. Una vez abierto, se puede conservar en el frigor\u00edfico durante 2-3 d\u00edas.<\/p>\n<p>&nbsp;<\/p>","protected":false},"excerpt":{"rendered":"<p>VEGDOG ADULT Lentejas y Mijo es el alimento completo vegano para tu perro adulto y el alimento m\u00e1s vendido de VEGDOG. Las Lentejas y Mijo est\u00e1n disponibles en lata de 400g.<\/p>","protected":false},"featured_media":26448,"comment_status":"open","ping_status":"closed","template":"","meta":[],"product_brand":[619],"product_cat":[530,509],"product_tag":[511,512,513,531,515,516,517,532,533,518,519,520,522,524],"class_list":{"0":"post-28183","1":"product","2":"type-product","3":"status-publish","4":"has-post-thumbnail","6":"product_brand-vegdog","7":"product_cat-comida-humeda-perros","8":"product_cat-perros","9":"product_tag-1-especie-perro","10":"product_tag-2-edad-adulto","11":"product_tag-2-edad-senior","12":"product_tag-3-producto-alimento-humedo","13":"product_tag-3-producto-receta-completa","14":"product_tag-4-propiedades-dieta-de-eliminacion","15":"product_tag-4-propiedades-estomago-sensible","16":"product_tag-4-propiedades-gastrointestinal","17":"product_tag-4-propiedades-proteina-novel","18":"product_tag-5-alergenos-sin-cereales","19":"product_tag-5-alergenos-sin-gluten","20":"product_tag-5-alergenos-sin-maiz","21":"product_tag-5-alergenos-sin-soja","22":"product_tag-7-otros-marca-100-vegana","24":"first","25":"instock","26":"taxable","27":"shipping-taxable","28":"purchasable","29":"product-type-simple"},"supplier_id":30161,"supplier_sku":"","barcode":null,"atum_controlled":true,"out_stock_date":null,"out_stock_threshold":null,"inheritable":false,"inbound_stock":0,"stock_on_hold":0,"sold_today":0,"sales_last_days":0,"reserved_stock":0,"customer_returns":0,"warehouse_damage":0,"lost_in_post":0,"other_logs":0,"out_stock_days":0,"lost_sales":0,"has_location":false,"update_date":"2026-05-01T11:30:25","atum_locations":[],"atum_stock_status":"instock","restock_status":false,"low_stock_amount":12,"sales_update_date":"2026-05-01T11:30:25","calc_backorders":null,"_links":{"self":[{"href":"https:\/\/pinkpeas.es\/ca\/wp-json\/wp\/v2\/product\/28183","targetHints":{"allow":["GET"]}}],"collection":[{"href":"https:\/\/pinkpeas.es\/ca\/wp-json\/wp\/v2\/product"}],"about":[{"href":"https:\/\/pinkpeas.es\/ca\/wp-json\/wp\/v2\/types\/product"}],"replies":[{"embeddable":true,"href":"https:\/\/pinkpeas.es\/ca\/wp-json\/wp\/v2\/comments?post=28183"}],"wp:featuredmedia":[{"embeddable":true,"href":"https:\/\/pinkpeas.es\/ca\/wp-json\/wp\/v2\/media\/26448"}],"wp:attachment":[{"href":"https:\/\/pinkpeas.es\/ca\/wp-json\/wp\/v2\/media?parent=28183"}],"wp:term":[{"taxonomy":"product_brand","embeddable":true,"href":"https:\/\/pinkpeas.es\/ca\/wp-json\/wp\/v2\/product_brand?post=28183"},{"taxonomy":"product_cat","embeddable":true,"href":"https:\/\/pinkpeas.es\/ca\/wp-json\/wp\/v2\/product_cat?post=28183"},{"taxonomy":"product_tag","embeddable":true,"href":"https:\/\/pinkpeas.es\/ca\/wp-json\/wp\/v2\/product_tag?post=28183"}],"curies":[{"name":"wp","href":"https:\/\/api.w.org\/{rel}","templated":true}]}}