{"id":28182,"date":"2025-04-03T15:53:26","date_gmt":"2025-04-03T13:53:26","guid":{"rendered":"https:\/\/seosemia.es\/clientes\/pinkpeas-nueva\/?post_type=product&#038;p=28182"},"modified":"2026-05-13T11:15:21","modified_gmt":"2026-05-13T09:15:21","slug":"vegdog-vish-oil-suplemento-nutricional-a-base-de-aceites","status":"publish","type":"product","link":"https:\/\/pinkpeas.es\/ca\/producte\/vegdog-vish-oil-suplemento-nutricional-a-base-de-aceites\/","title":{"rendered":"VEGDOG Vish Oil Suplemento nutricional a base de aceites"},"content":{"rendered":"<p><strong>VISH OIL de VEGDOG<\/strong> es una combinaci\u00f3n de c\u00e1\u00f1amo, algas y aceite de linaza que proporciona a los esenciales e importantes \u00e1cidos grasos omega 3 y omega 6 (como EPA y DHA). Tambi\u00e9n puede ayudar a aliviar los s\u00edntomas en determinados cuadros cl\u00ednicos, favorecer la funci\u00f3n renal o tener un efecto antiinflamatorio en la osteoartritis. VISH OIL es una excelente alternativa al aceite de pescado convencional.<\/p>\n<h3>Vegano y sostenible<\/h3>\n<p>Adem\u00e1s de su efecto sobre la salud del perro, una tonelada de VISH OIL de VEGDOG ahorra 12 toneladas de pescado que se pescar\u00edan en los mares para obtener aceite de pescado real. S\u00f3lo desde una perspectiva medioambiental y de bienestar animal, este aceite de pescado vegano es una raz\u00f3n para alimentar a su perro de forma vegana. En la producci\u00f3n de VEGDOG las algas ni siquiera se recolectan en el mar, donde ser\u00edan h\u00e1bitat y alimento para numerosos animales. Se cultivan en tanques a base de az\u00facar. Adem\u00e1s de garantizar una calidad constante del producto, esto significa que en nuestro aceite no se acumulan contaminantes como micropl\u00e1sticos o aceite mineral. Por un lado, este proceso es muy eficiente desde el punto de vista energ\u00e9tico y, por otro, ahorra recursos. Por lo tanto, VEGDOG VISH OIL es muy sostenible y adem\u00e1s no contiene ning\u00fan ingrediente animal.<\/p>\n<h3>Ideal para<\/h3>\n<p>Tambi\u00e9n es ideal para perros al\u00e9rgicos que sufren picores o cuya barrera cut\u00e1nea necesita reforzarse. El consumo de los \u00e1cidos grasos adecuados tambi\u00e9n suele favorecer las capacidades cognitivas, la visi\u00f3n y un sistema inmunol\u00f3gico saludable. En otras palabras: si tienes curiosidad, tambi\u00e9n puedes utilizar VEGDOG VISH OIL como <strong>potenciador de salud para alimentaci\u00f3n casera<\/strong>.<\/p>\n<p>Los ingredientes cumplen los m\u00e1s altos est\u00e1ndares de calidad y se han desarrollado sin pruebas en animales. No se utilizan materias primas gen\u00e9ticamente modificadas. \u00a1Por la salud de los perros y la protecci\u00f3n de los peces y los oc\u00e9anos!<\/p>\n<p>&nbsp;<\/p>","protected":false},"excerpt":{"rendered":"<p>VISH OIL VEGDOG, un suplemento nutricional elaborado a base de c\u00e1\u00f1amo, algas y aceite de linaza. Rico en \u00e1cidos grasos Omega 3 y Omega 6. \u00a1Para una piel sana y una salud robusta! Disponible en botellas de 250ml.<\/p>\n<p>Descuento hasta fin de existencias por caducidad cercana 07\/26.<\/p>","protected":false},"featured_media":26461,"comment_status":"open","ping_status":"closed","template":"","meta":[],"product_brand":[619],"product_cat":[538,509,539,540],"product_tag":[541,511,512,513,542,543,544,518,519,520,521,522,524],"class_list":{"0":"post-28182","1":"product","2":"type-product","3":"status-publish","4":"has-post-thumbnail","6":"product_brand-vegdog","7":"product_cat-gatos","8":"product_cat-perros","9":"product_cat-suplementacion-gatos","10":"product_cat-suplementacion-perros","11":"product_tag-1-especie-gato","12":"product_tag-1-especie-perro","13":"product_tag-2-edad-adulto","14":"product_tag-2-edad-senior","15":"product_tag-3-producto-nutraceutico-suplemento","16":"product_tag-4-propiedades-para-dieta-casera","17":"product_tag-4-propiedades-piel-sensible","18":"product_tag-5-alergenos-sin-cereales","19":"product_tag-5-alergenos-sin-gluten","20":"product_tag-5-alergenos-sin-maiz","21":"product_tag-5-alergenos-sin-patata","22":"product_tag-5-alergenos-sin-soja","23":"product_tag-7-otros-marca-100-vegana","25":"first","26":"instock","27":"taxable","28":"shipping-taxable","29":"purchasable","30":"product-type-simple"},"supplier_id":30161,"supplier_sku":"","barcode":"4260446690623","atum_controlled":true,"out_stock_date":null,"out_stock_threshold":null,"inheritable":false,"inbound_stock":0,"stock_on_hold":1,"sold_today":0,"sales_last_days":1,"reserved_stock":0,"customer_returns":0,"warehouse_damage":0,"lost_in_post":0,"other_logs":0,"out_stock_days":0,"lost_sales":0,"has_location":false,"update_date":"2026-05-13T09:15:24","atum_locations":[],"atum_stock_status":"instock","restock_status":false,"low_stock_amount":2,"sales_update_date":"2026-05-13T09:14:33","calc_backorders":null,"_links":{"self":[{"href":"https:\/\/pinkpeas.es\/ca\/wp-json\/wp\/v2\/product\/28182","targetHints":{"allow":["GET"]}}],"collection":[{"href":"https:\/\/pinkpeas.es\/ca\/wp-json\/wp\/v2\/product"}],"about":[{"href":"https:\/\/pinkpeas.es\/ca\/wp-json\/wp\/v2\/types\/product"}],"replies":[{"embeddable":true,"href":"https:\/\/pinkpeas.es\/ca\/wp-json\/wp\/v2\/comments?post=28182"}],"wp:featuredmedia":[{"embeddable":true,"href":"https:\/\/pinkpeas.es\/ca\/wp-json\/wp\/v2\/media\/26461"}],"wp:attachment":[{"href":"https:\/\/pinkpeas.es\/ca\/wp-json\/wp\/v2\/media?parent=28182"}],"wp:term":[{"taxonomy":"product_brand","embeddable":true,"href":"https:\/\/pinkpeas.es\/ca\/wp-json\/wp\/v2\/product_brand?post=28182"},{"taxonomy":"product_cat","embeddable":true,"href":"https:\/\/pinkpeas.es\/ca\/wp-json\/wp\/v2\/product_cat?post=28182"},{"taxonomy":"product_tag","embeddable":true,"href":"https:\/\/pinkpeas.es\/ca\/wp-json\/wp\/v2\/product_tag?post=28182"}],"curies":[{"name":"wp","href":"https:\/\/api.w.org\/{rel}","templated":true}]}}