{"id":28181,"date":"2025-04-03T15:53:26","date_gmt":"2025-04-03T13:53:26","guid":{"rendered":"https:\/\/seosemia.es\/clientes\/pinkpeas-nueva\/?post_type=product&#038;p=28181"},"modified":"2026-01-16T23:32:04","modified_gmt":"2026-01-16T22:32:04","slug":"super-senior-pack-suplementos-para-perro-y-gato","status":"publish","type":"product","link":"https:\/\/pinkpeas.es\/ca\/producte\/super-senior-pack-suplementos-para-perro-y-gato\/","title":{"rendered":"Super Senior Pack Suplementos para perro y gato"},"content":{"rendered":"<p>Super Senior Pack es la triada perfecta de suplementos para los m\u00e1s delicados de la familia. Esta selecci\u00f3n es apta para perros y gatos de todas las edades, vegana, de alta calidad y con texturas ideales para ser mezcladas con pienso, comida h\u00fameda o dietas caseras (en el caso de las c\u00e1psulas, puedes abrirlas y a\u00f1adir el polvo que contienen al pienso). Puede ser ideal para estados carenciales, momentos con requerimientos de micronutrientes aumentados o simplemente para animales que necesitan un empujoncito extra. Incorpora una gran cantidad de \u00e1cidos grasos 100% vegetales de cultivo responsable, una combinaci\u00f3n excelente hongos medicinales con propiedades muy variadas y beneficiosas para el sistema inmune, sistema nervioso, salud cardiovascular, etc. y una combinaci\u00f3n de condroprotectores y antiinflamatorios naturales para contribuir al buen funcionamiento articular. En este Super Senior Pack podr\u00e1s encontrar 1 Vish Oil 250ml de VEGDOG, 1 Supershrooms 75g y 1 Glucosamine Complex de Vegavero.<\/p>\n<p>&nbsp;<\/p>","protected":false},"excerpt":{"rendered":"<p>El Super Senior Pack de suplementos contiene la triada ideal para potenciar la salud de los miembros m\u00e1s mayores o delicados de la fam\u00edlia. Esta selecci\u00f3n de 3 nutrac\u00e9uticos veganos de alta calidad pueden a\u00f1adirse a la comida habitual es apta para perros y gatos. Contiene 1 Vish Oil 250ml de VEGDOG, 1 Supershrooms 75g y 1 Glucosamine Complex de Vegavero.<\/p>","protected":false},"featured_media":28456,"comment_status":"open","ping_status":"closed","template":"","meta":[],"product_brand":[],"product_cat":[538,534,591,535,509,539,540],"product_tag":[541,511,512,513,542,537,579,536,543,544,554,518,519,520,521,522],"class_list":{"0":"post-28181","1":"product","2":"type-product","3":"status-publish","4":"has-post-thumbnail","6":"product_cat-gatos","7":"product_cat-packs","8":"product_cat-packs-gatos","9":"product_cat-packs-perros","10":"product_cat-perros","11":"product_cat-suplementacion-gatos","12":"product_cat-suplementacion-perros","13":"product_tag-1-especie-gato","14":"product_tag-1-especie-perro","15":"product_tag-2-edad-adulto","16":"product_tag-2-edad-senior","17":"product_tag-3-producto-nutraceutico-suplemento","18":"product_tag-4-propiedades-articular","19":"product_tag-4-propiedades-maxi","20":"product_tag-4-propiedades-mini","21":"product_tag-4-propiedades-para-dieta-casera","22":"product_tag-4-propiedades-piel-sensible","23":"product_tag-4-propiedades-urinario","24":"product_tag-5-alergenos-sin-cereales","25":"product_tag-5-alergenos-sin-gluten","26":"product_tag-5-alergenos-sin-maiz","27":"product_tag-5-alergenos-sin-patata","28":"product_tag-5-alergenos-sin-soja","30":"first","31":"outofstock","32":"taxable","33":"shipping-taxable","34":"purchasable","35":"product-type-woosb"},"supplier_id":null,"supplier_sku":"","barcode":null,"atum_controlled":true,"out_stock_date":null,"out_stock_threshold":null,"inheritable":false,"inbound_stock":null,"stock_on_hold":0,"sold_today":0,"sales_last_days":1,"reserved_stock":null,"customer_returns":null,"warehouse_damage":null,"lost_in_post":null,"other_logs":null,"out_stock_days":0,"lost_sales":0,"has_location":false,"update_date":"2026-01-24T11:45:58","atum_locations":[],"atum_stock_status":"instock","restock_status":true,"low_stock_amount":"","sales_update_date":"2026-01-24T11:45:58","calc_backorders":null,"_links":{"self":[{"href":"https:\/\/pinkpeas.es\/ca\/wp-json\/wp\/v2\/product\/28181","targetHints":{"allow":["GET"]}}],"collection":[{"href":"https:\/\/pinkpeas.es\/ca\/wp-json\/wp\/v2\/product"}],"about":[{"href":"https:\/\/pinkpeas.es\/ca\/wp-json\/wp\/v2\/types\/product"}],"replies":[{"embeddable":true,"href":"https:\/\/pinkpeas.es\/ca\/wp-json\/wp\/v2\/comments?post=28181"}],"wp:featuredmedia":[{"embeddable":true,"href":"https:\/\/pinkpeas.es\/ca\/wp-json\/wp\/v2\/media\/28456"}],"wp:attachment":[{"href":"https:\/\/pinkpeas.es\/ca\/wp-json\/wp\/v2\/media?parent=28181"}],"wp:term":[{"taxonomy":"product_brand","embeddable":true,"href":"https:\/\/pinkpeas.es\/ca\/wp-json\/wp\/v2\/product_brand?post=28181"},{"taxonomy":"product_cat","embeddable":true,"href":"https:\/\/pinkpeas.es\/ca\/wp-json\/wp\/v2\/product_cat?post=28181"},{"taxonomy":"product_tag","embeddable":true,"href":"https:\/\/pinkpeas.es\/ca\/wp-json\/wp\/v2\/product_tag?post=28181"}],"curies":[{"name":"wp","href":"https:\/\/api.w.org\/{rel}","templated":true}]}}