{"id":28179,"date":"2025-04-03T15:53:26","date_gmt":"2025-04-03T13:53:26","guid":{"rendered":"https:\/\/seosemia.es\/clientes\/pinkpeas-nueva\/?post_type=product&#038;p=28179"},"modified":"2026-03-08T14:33:17","modified_gmt":"2026-03-08T13:33:17","slug":"vegdog-senior-guisantes-y-mijo-comida-humeda-para-perros","status":"publish","type":"product","link":"https:\/\/pinkpeas.es\/ca\/producte\/vegdog-senior-guisantes-y-mijo-comida-humeda-para-perros\/","title":{"rendered":"VEGDOG Senior Guisantes y mijo &#8211; Comida h\u00fameda para perros"},"content":{"rendered":"<p><strong>VEGDOG SENIOR Guisantes y mijo<\/strong> es el alimento ideal para tu amigo senior. \u00bfLa edad del perro se calcula multiplicando los a\u00f1os humanos por siete? Esta f\u00f3rmula de c\u00e1lculo ahora se considera obsoleta. Lo que s\u00ed es seguro es que nuestros mejores amigos envejecen m\u00e1s r\u00e1pido que nosotros, los humanos. Esto es particularmente cierto en el caso de los perros grandes. <strong>Para que tu perro te acompa\u00f1e durante mucho tiempo y goce de buena salud, necesita una alimentaci\u00f3n basada en plantas adecuada a su especie<\/strong>. Al igual que entre nosotros, los nutrientes, las prote\u00ednas y diversas grasas desempe\u00f1an un papel esencial para estar (y permanecer) en forma y activo incluso en las personas mayores. Por eso, junto con veterinarios especialistas, VEGDOG ha desarrollado un <strong>alimento h\u00famedo<\/strong> que se adapta a las necesidades de los animales mayores (7 a\u00f1os en adelante). \u00a1De esta manera, tu senior podr\u00e1 seguir disfrutando de la vida contigo y volver a correr por el parque con los perros j\u00f3venes! Los est\u00f3magos sensibles se benefician especialmente de VEGDOG SENIOR debido a su buena digestibilidad y su idoneidad para una dieta de exclusi\u00f3n.<\/p>\n<h3>Valores nutricionales<\/h3>\n<p>La proporci\u00f3n \u00f3ptima de calcio y f\u00f3sforo est\u00e1 dise\u00f1ada espec\u00edficamente para satisfacer las necesidades energ\u00e9ticas cambiantes de los animales mayores. La taurina adicional tambi\u00e9n favorece el mantenimiento de la salud del coraz\u00f3n. Para cubrir adecuadamente tus necesidades proteicas VEGDOG SENIOR contiene <strong>prote\u00ednas de altramuz, lenteja y guisante<\/strong>. Esto fortalece los m\u00fasculos de tu amigo peludo gracias a un perfil de amino\u00e1cidos ideal. El mijo y las zanahorias favorecen el funcionamiento de las articulaciones con sus nutrientes. El polvo mineral exclusivo aporta otros nutrientes importantes como B12, taurina y carnitina. VEGDOG SENIOR es sabroso y lleva un a\u00f1adido de guisantes, calabacines y semillas de girasol. VEGDOG SENIOR no es adecuado para cachorros y perras lactantes ya que tienen mayores necesidades de nutrientes y energ\u00eda. Estas recetas no est\u00e1n probadas en animales ni contienen atrayentes, colorantes ni conservantes. Los ingredientes cumplen con los m\u00e1s altos est\u00e1ndares de calidad.<\/p>\n<h3>Recomendaciones<\/h3>\n<p>Las recomendaciones de alimentaci\u00f3n son s\u00f3lo pautas; las necesidades de cada perro pueden variar. En el caso de un cambio de dieta debe hacerse lentamente durante al menos 3 semanas. Reducir progresivamente la comida habitual y sustituir la cantidad por la variedad VEGDOG elegida. Para perros sensibles a los alimentos, conviene alargar un poco m\u00e1s el proceso a como m\u00ednimo 4 semanas. Es importante tener en cuenta que en las primeras semanas despu\u00e9s del cambio puede haber un cambio en la cantidad y consistencia de las heces, as\u00ed como un aumento de la formaci\u00f3n de gases. Sin embargo, despu\u00e9s del per\u00edodo de transici\u00f3n, esto deber\u00eda suceder cada vez menos y despu\u00e9s de unas semanas deber\u00eda desaparecer.<\/p>\n<p>Proporcione siempre agua fresca a su perro. Guardar en lugar fresco y seco. Vida \u00fatil despu\u00e9s de la apertura: Vea la parte inferior de la lata para ver la fecha de caducidad. Vida \u00fatil m\u00ednima: 2 a\u00f1os. Una vez abierto, se puede conservar en el frigor\u00edfico durante 2-3 d\u00edas.<\/p>\n<p>&nbsp;<\/p>","protected":false},"excerpt":{"rendered":"<p>VEGDOG SENIOR Guisantes y mijo, el alimento completo y vegano para mejorar el bienestar y la digesti\u00f3n. Tu fiel compa\u00f1ero te lo agradecer\u00e1 cada a\u00f1o de su vida, ideal para perros senior. VEGDOG SENIOR est\u00e1 disponible en latas de 400g.<\/p>","protected":false},"featured_media":26446,"comment_status":"open","ping_status":"closed","template":"","meta":[],"product_brand":[619],"product_cat":[530,509],"product_tag":[511,512,513,531,515,516,517,532,533,518,519,520,522,524],"class_list":{"0":"post-28179","1":"product","2":"type-product","3":"status-publish","4":"has-post-thumbnail","6":"product_brand-vegdog","7":"product_cat-comida-humeda-perros","8":"product_cat-perros","9":"product_tag-1-especie-perro","10":"product_tag-2-edad-adulto","11":"product_tag-2-edad-senior","12":"product_tag-3-producto-alimento-humedo","13":"product_tag-3-producto-receta-completa","14":"product_tag-4-propiedades-dieta-de-eliminacion","15":"product_tag-4-propiedades-estomago-sensible","16":"product_tag-4-propiedades-gastrointestinal","17":"product_tag-4-propiedades-proteina-novel","18":"product_tag-5-alergenos-sin-cereales","19":"product_tag-5-alergenos-sin-gluten","20":"product_tag-5-alergenos-sin-maiz","21":"product_tag-5-alergenos-sin-soja","22":"product_tag-7-otros-marca-100-vegana","24":"first","25":"instock","26":"taxable","27":"shipping-taxable","28":"purchasable","29":"product-type-simple"},"supplier_id":30161,"supplier_sku":"","barcode":null,"atum_controlled":true,"out_stock_date":null,"out_stock_threshold":null,"inheritable":false,"inbound_stock":0,"stock_on_hold":0,"sold_today":0,"sales_last_days":0,"reserved_stock":0,"customer_returns":0,"warehouse_damage":0,"lost_in_post":0,"other_logs":0,"out_stock_days":0,"lost_sales":0,"has_location":false,"update_date":"2026-05-03T11:28:54","atum_locations":[],"atum_stock_status":"instock","restock_status":false,"low_stock_amount":12,"sales_update_date":"2026-05-03T11:28:54","calc_backorders":null,"_links":{"self":[{"href":"https:\/\/pinkpeas.es\/ca\/wp-json\/wp\/v2\/product\/28179","targetHints":{"allow":["GET"]}}],"collection":[{"href":"https:\/\/pinkpeas.es\/ca\/wp-json\/wp\/v2\/product"}],"about":[{"href":"https:\/\/pinkpeas.es\/ca\/wp-json\/wp\/v2\/types\/product"}],"replies":[{"embeddable":true,"href":"https:\/\/pinkpeas.es\/ca\/wp-json\/wp\/v2\/comments?post=28179"}],"wp:featuredmedia":[{"embeddable":true,"href":"https:\/\/pinkpeas.es\/ca\/wp-json\/wp\/v2\/media\/26446"}],"wp:attachment":[{"href":"https:\/\/pinkpeas.es\/ca\/wp-json\/wp\/v2\/media?parent=28179"}],"wp:term":[{"taxonomy":"product_brand","embeddable":true,"href":"https:\/\/pinkpeas.es\/ca\/wp-json\/wp\/v2\/product_brand?post=28179"},{"taxonomy":"product_cat","embeddable":true,"href":"https:\/\/pinkpeas.es\/ca\/wp-json\/wp\/v2\/product_cat?post=28179"},{"taxonomy":"product_tag","embeddable":true,"href":"https:\/\/pinkpeas.es\/ca\/wp-json\/wp\/v2\/product_tag?post=28179"}],"curies":[{"name":"wp","href":"https:\/\/api.w.org\/{rel}","templated":true}]}}