{"id":28177,"date":"2025-04-03T15:53:26","date_gmt":"2025-04-03T13:53:26","guid":{"rendered":"https:\/\/seosemia.es\/clientes\/pinkpeas-nueva\/?post_type=product&#038;p=28177"},"modified":"2026-04-03T14:25:35","modified_gmt":"2026-04-03T12:25:35","slug":"vegdog-starter-pack-pienso-latas-y-snacks-para-perro-adulto","status":"publish","type":"product","link":"https:\/\/pinkpeas.es\/ca\/producte\/vegdog-starter-pack-pienso-latas-y-snacks-para-perro-adulto\/","title":{"rendered":"VEGDOG Starter Pack Pienso, latas y snacks para perro adulto"},"content":{"rendered":"<p>La selecci\u00f3n de degustaci\u00f3n de comida o Starter Pack de VEGDOG contiene una selecci\u00f3n de productos VEGDOG con recetas de alta calidad, completas y 100% vegetales para perros adultos. Esta selecci\u00f3n vegana no contiene gluten, soja o maiz. Con fuentes de proteina alternativas como el mijo, las lentejas o los altramuces, las recetas de comida seca y h\u00fameda VEGDOG son completas gracias a su aporte extra en vitaminas y minerales espec\u00edficos. Apto para animales con sensibilidades alimentarias y para dietas de elminaci\u00f3n. Contiene 1 saco de pienso Green Crunch 1kg, 1 lata Adult 400g, 1 lata Senior 400g, 1 lata Sensitive 400g, 1 tetrapak Adult 390g, 1 Beevies 80g y 1 Pure Bites 125g.<\/p>\n<p>&nbsp;<\/p>","protected":false},"excerpt":{"rendered":"<p>El Starter Pack VEGDOG contiene una selecci\u00f3n de productos de la marca con recetas de alta calidad, completas y 100% vegetales. No contienen soja ni gluten ni maiz y est\u00e1 formulado con fuentes de proteinas alternativas. Contiene 1 saco de pienso Green Crunch 1kg, 1 lata Adult 400g, 1 lata Senior 400g, 1 lata Sensitive 400g, 1 tetrapak Adult 390g, 1 Beevies 80g y 1 Pure Bites 125g.<\/p>","protected":false},"featured_media":33569,"comment_status":"open","ping_status":"closed","template":"","meta":[],"product_brand":[619],"product_cat":[534,535,509,525],"product_tag":[511,512,513,531,514,527,515,516,517,532,533,518,519,520,522,524],"class_list":{"0":"post-28177","1":"product","2":"type-product","3":"status-publish","4":"has-post-thumbnail","6":"product_brand-vegdog","7":"product_cat-packs","8":"product_cat-packs-perros","9":"product_cat-perros","10":"product_cat-snacks-perros","11":"product_tag-1-especie-perro","12":"product_tag-2-edad-adulto","13":"product_tag-2-edad-senior","14":"product_tag-3-producto-alimento-humedo","15":"product_tag-3-producto-alimento-seco","16":"product_tag-3-producto-receta-complementaria","17":"product_tag-3-producto-receta-completa","18":"product_tag-4-propiedades-dieta-de-eliminacion","19":"product_tag-4-propiedades-estomago-sensible","20":"product_tag-4-propiedades-gastrointestinal","21":"product_tag-4-propiedades-proteina-novel","22":"product_tag-5-alergenos-sin-cereales","23":"product_tag-5-alergenos-sin-gluten","24":"product_tag-5-alergenos-sin-maiz","25":"product_tag-5-alergenos-sin-soja","26":"product_tag-7-otros-marca-100-vegana","28":"first","29":"instock","30":"taxable","31":"shipping-taxable","32":"purchasable","33":"product-type-woosb"},"supplier_id":30161,"supplier_sku":"","barcode":null,"atum_controlled":true,"out_stock_date":null,"out_stock_threshold":null,"inheritable":false,"inbound_stock":null,"stock_on_hold":0,"sold_today":0,"sales_last_days":1,"reserved_stock":null,"customer_returns":null,"warehouse_damage":null,"lost_in_post":null,"other_logs":null,"out_stock_days":0,"lost_sales":0,"has_location":false,"update_date":"2026-04-03T12:25:39","atum_locations":[],"atum_stock_status":"instock","restock_status":false,"low_stock_amount":"","sales_update_date":"2025-10-06T08:30:59","calc_backorders":null,"_links":{"self":[{"href":"https:\/\/pinkpeas.es\/ca\/wp-json\/wp\/v2\/product\/28177","targetHints":{"allow":["GET"]}}],"collection":[{"href":"https:\/\/pinkpeas.es\/ca\/wp-json\/wp\/v2\/product"}],"about":[{"href":"https:\/\/pinkpeas.es\/ca\/wp-json\/wp\/v2\/types\/product"}],"replies":[{"embeddable":true,"href":"https:\/\/pinkpeas.es\/ca\/wp-json\/wp\/v2\/comments?post=28177"}],"wp:featuredmedia":[{"embeddable":true,"href":"https:\/\/pinkpeas.es\/ca\/wp-json\/wp\/v2\/media\/33569"}],"wp:attachment":[{"href":"https:\/\/pinkpeas.es\/ca\/wp-json\/wp\/v2\/media?parent=28177"}],"wp:term":[{"taxonomy":"product_brand","embeddable":true,"href":"https:\/\/pinkpeas.es\/ca\/wp-json\/wp\/v2\/product_brand?post=28177"},{"taxonomy":"product_cat","embeddable":true,"href":"https:\/\/pinkpeas.es\/ca\/wp-json\/wp\/v2\/product_cat?post=28177"},{"taxonomy":"product_tag","embeddable":true,"href":"https:\/\/pinkpeas.es\/ca\/wp-json\/wp\/v2\/product_tag?post=28177"}],"curies":[{"name":"wp","href":"https:\/\/api.w.org\/{rel}","templated":true}]}}