{"id":28176,"date":"2025-04-03T15:53:26","date_gmt":"2025-04-03T13:53:26","guid":{"rendered":"https:\/\/seosemia.es\/clientes\/pinkpeas-nueva\/?post_type=product&#038;p=28176"},"modified":"2025-12-09T15:49:03","modified_gmt":"2025-12-09T14:49:03","slug":"olivi-balon-de-rugby-de-madera-de-olivo-con-cuerda-para-perros","status":"publish","type":"product","link":"https:\/\/pinkpeas.es\/ca\/producte\/olivi-balon-de-rugby-de-madera-de-olivo-con-cuerda-para-perros\/","title":{"rendered":"Olivi Bal\u00f3n de rugby de madera de olivo con cuerda para perros"},"content":{"rendered":"<p>El bal\u00f3n de Rugby con cuerda de OLIVI es un juguete de <strong>madera de olivo 100% natural impregnado en aceites<\/strong> que le dan un olor delicioso. Las ligninas y taninos presentes de forma natural en esta madera tienen un efecto antibacteriano, ideal para un juguete masticable. Es rellenable con snacks de peque\u00f1o tama\u00f1o gracias a su cavidad. Masticar satisface una necesidad natural de los perros y contribuye a su relajaci\u00f3n, aliviando el aburrimiento.<\/p>\n<p>Contribuye a <strong>limpiar el sarro de forma natural<\/strong> y sirve para todos los tama\u00f1os de perro. La madera de olivo procede de cultivos sostenibles y es especialmente dura, m\u00e1s que la madera de roble, y sin tendencia a astillarse. Est\u00e1 refinado con <strong>aceite de oliva de buena calidad<\/strong>, hecho a mano y es naturalmente vegano. No contiene qu\u00edmicos ni pl\u00e1sticos.<\/p>\n<p>Dependiendo de la fuerza de masticaci\u00f3n del perro, la madera puede roerse desprendiendo trozos de varios cent\u00edmetros o fibras. No es habitual que los perros coman dichos trozos o fibras, pero deben eliminarse como medida de precauci\u00f3n. De la misma forma, si el juguete pierde tama\u00f1o al ser ro\u00eddo, debe ser retirado cuando sea demasiado peque\u00f1o y pudiera ser tragado. Dada la dureza de la madera, no es ideal para perros con problemas dentales como dientes sensibles o flojos.<\/p>\n<p>&nbsp;<\/p>","protected":false},"excerpt":{"rendered":"<div dir=\"ltr\">\n<div class=\"input-box\" spellcheck=\"false\">\n<div id=\"waffle-rich-text-editor\" class=\"cell-input editable\" dir=\"ltr\" tabindex=\"0\" role=\"combobox\" contenteditable=\"true\" aria-autocomplete=\"list\" aria-label=\"G963\">El bal\u00f3n de Rugby con cuerda de OLIVI es un juguete de madera de olivo 100% natural y de alta resistencia. El bal\u00f3n est\u00e1 anudado a una cuerda resistente al juego. Disponible en 36cm.<\/div>\n<\/div>\n<\/div>\n<div><\/div>","protected":false},"featured_media":27474,"comment_status":"open","ping_status":"closed","template":"","meta":[],"product_brand":[],"product_cat":[577,509],"product_tag":[511,512,513,578],"class_list":{"0":"post-28176","1":"product","2":"type-product","3":"status-publish","4":"has-post-thumbnail","6":"product_cat-juguetes-perros","7":"product_cat-perros","8":"product_tag-1-especie-perro","9":"product_tag-2-edad-adulto","10":"product_tag-2-edad-senior","11":"product_tag-3-producto-juguete","13":"first","14":"instock","15":"sale","16":"taxable","17":"shipping-taxable","18":"purchasable","19":"product-type-simple"},"supplier_id":30154,"supplier_sku":"","barcode":"4250579601900","atum_controlled":true,"out_stock_date":null,"out_stock_threshold":null,"inheritable":false,"inbound_stock":0,"stock_on_hold":0,"sold_today":0,"sales_last_days":0,"reserved_stock":0,"customer_returns":0,"warehouse_damage":0,"lost_in_post":0,"other_logs":0,"out_stock_days":0,"lost_sales":0,"has_location":false,"update_date":"2026-03-30T21:24:13","atum_locations":[],"atum_stock_status":"instock","restock_status":false,"low_stock_amount":1,"sales_update_date":"2026-03-30T21:24:13","calc_backorders":null,"_links":{"self":[{"href":"https:\/\/pinkpeas.es\/ca\/wp-json\/wp\/v2\/product\/28176","targetHints":{"allow":["GET"]}}],"collection":[{"href":"https:\/\/pinkpeas.es\/ca\/wp-json\/wp\/v2\/product"}],"about":[{"href":"https:\/\/pinkpeas.es\/ca\/wp-json\/wp\/v2\/types\/product"}],"replies":[{"embeddable":true,"href":"https:\/\/pinkpeas.es\/ca\/wp-json\/wp\/v2\/comments?post=28176"}],"wp:featuredmedia":[{"embeddable":true,"href":"https:\/\/pinkpeas.es\/ca\/wp-json\/wp\/v2\/media\/27474"}],"wp:attachment":[{"href":"https:\/\/pinkpeas.es\/ca\/wp-json\/wp\/v2\/media?parent=28176"}],"wp:term":[{"taxonomy":"product_brand","embeddable":true,"href":"https:\/\/pinkpeas.es\/ca\/wp-json\/wp\/v2\/product_brand?post=28176"},{"taxonomy":"product_cat","embeddable":true,"href":"https:\/\/pinkpeas.es\/ca\/wp-json\/wp\/v2\/product_cat?post=28176"},{"taxonomy":"product_tag","embeddable":true,"href":"https:\/\/pinkpeas.es\/ca\/wp-json\/wp\/v2\/product_tag?post=28176"}],"curies":[{"name":"wp","href":"https:\/\/api.w.org\/{rel}","templated":true}]}}