{"id":28175,"date":"2025-04-03T15:53:26","date_gmt":"2025-04-03T13:53:26","guid":{"rendered":"https:\/\/seosemia.es\/clientes\/pinkpeas-nueva\/?post_type=product&#038;p=28175"},"modified":"2026-04-09T13:54:13","modified_gmt":"2026-04-09T11:54:13","slug":"vegdog-beevys-snack-con-patata-y-remolacha","status":"publish","type":"product","link":"https:\/\/pinkpeas.es\/ca\/producte\/vegdog-beevys-snack-con-patata-y-remolacha\/","title":{"rendered":"VEGDOG Beevys Snack con patata y remolacha"},"content":{"rendered":"<p>Los <strong>VEGDOG BEEVYS<\/strong> son snacks ideales para una peque\u00f1a recompensa, por ejemplo durante el entrenamiento. Y las muescas facilitan su divisi\u00f3n en porciones. Esto hace que el paseo urbano con perros se convierta de repente en una aventura tremendamente arom\u00e1tica y gustativa. \u00a1Con VEGDOG BEEVYS tu perro no s\u00f3lo recibir\u00e1 un premio saludable, sino que tambi\u00e9n salvar\u00e1 el planeta! En comparaci\u00f3n con los snacks que contienen carne, se ahorran 850 g de CO2 por paquete, lo que equivale a un viaje de 5 km en coche.<\/p>\n<p>Los BEEVYS est\u00e1n libres de aditivos nocivos para la salud, atrayentes o colorantes. Adem\u00e1s contienen <strong>aroma natural a humo de haya<\/strong> y la poderosa ra\u00edz de remolacha que aporta vitamina C, hierro, magnesio, potasio, calcio y vitaminas del grupo B. Gracias a su f\u00f3rmula hipoalerg\u00e9nica, los BEEVYS tambi\u00e9n son adecuados para alergias alimentarias y dietas de exclusi\u00f3n. Como todo en la marca VEGDOG, adem\u00e1s de vegana, no est\u00e1 testada en animales.<\/p>\n<p>Debes guardar el VEGDOG BEEVYS en un lugar fresco y seco. Despu\u00e9s de abrirlo, ci\u00e9rralo de nuevo herm\u00e9ticamente para evitar que se seque.<\/p>\n<p>&nbsp;<\/p>","protected":false},"excerpt":{"rendered":"<p>VEGDOG BEEVYS &#8211; Una innovadora y natural golosina con un fuerte aroma a humo de haya. La remolacha nunca ha sabido tan bien como en esta delicia vegana, saludable y muy palatable. Disponible en envases de 80g.<\/p>","protected":false},"featured_media":26443,"comment_status":"open","ping_status":"closed","template":"","meta":[],"product_brand":[619],"product_cat":[509,525],"product_tag":[511,512,526,513,527,528,529,517,519,520,522,524],"class_list":{"0":"post-28175","1":"product","2":"type-product","3":"status-publish","4":"has-post-thumbnail","6":"product_brand-vegdog","7":"product_cat-perros","8":"product_cat-snacks-perros","9":"product_tag-1-especie-perro","10":"product_tag-2-edad-adulto","11":"product_tag-2-edad-puppy-cachorro","12":"product_tag-2-edad-senior","13":"product_tag-3-producto-receta-complementaria","14":"product_tag-3-producto-snack","15":"product_tag-4-propiedades-bajo-en-grasa","16":"product_tag-4-propiedades-estomago-sensible","17":"product_tag-5-alergenos-sin-gluten","18":"product_tag-5-alergenos-sin-maiz","19":"product_tag-5-alergenos-sin-soja","20":"product_tag-7-otros-marca-100-vegana","22":"first","23":"instock","24":"taxable","25":"shipping-taxable","26":"purchasable","27":"product-type-simple"},"supplier_id":30161,"supplier_sku":"","barcode":"4260446690265","atum_controlled":true,"out_stock_date":null,"out_stock_threshold":null,"inheritable":false,"inbound_stock":0,"stock_on_hold":2,"sold_today":1,"sales_last_days":2,"reserved_stock":0,"customer_returns":0,"warehouse_damage":0,"lost_in_post":0,"other_logs":0,"out_stock_days":0,"lost_sales":0,"has_location":false,"update_date":"2026-04-09T11:50:35","atum_locations":[],"atum_stock_status":"instock","restock_status":false,"low_stock_amount":4,"sales_update_date":"2026-04-09T11:50:35","calc_backorders":null,"_links":{"self":[{"href":"https:\/\/pinkpeas.es\/ca\/wp-json\/wp\/v2\/product\/28175","targetHints":{"allow":["GET"]}}],"collection":[{"href":"https:\/\/pinkpeas.es\/ca\/wp-json\/wp\/v2\/product"}],"about":[{"href":"https:\/\/pinkpeas.es\/ca\/wp-json\/wp\/v2\/types\/product"}],"replies":[{"embeddable":true,"href":"https:\/\/pinkpeas.es\/ca\/wp-json\/wp\/v2\/comments?post=28175"}],"wp:featuredmedia":[{"embeddable":true,"href":"https:\/\/pinkpeas.es\/ca\/wp-json\/wp\/v2\/media\/26443"}],"wp:attachment":[{"href":"https:\/\/pinkpeas.es\/ca\/wp-json\/wp\/v2\/media?parent=28175"}],"wp:term":[{"taxonomy":"product_brand","embeddable":true,"href":"https:\/\/pinkpeas.es\/ca\/wp-json\/wp\/v2\/product_brand?post=28175"},{"taxonomy":"product_cat","embeddable":true,"href":"https:\/\/pinkpeas.es\/ca\/wp-json\/wp\/v2\/product_cat?post=28175"},{"taxonomy":"product_tag","embeddable":true,"href":"https:\/\/pinkpeas.es\/ca\/wp-json\/wp\/v2\/product_tag?post=28175"}],"curies":[{"name":"wp","href":"https:\/\/api.w.org\/{rel}","templated":true}]}}