{"id":28173,"date":"2025-04-03T15:53:26","date_gmt":"2025-04-03T13:53:26","guid":{"rendered":"https:\/\/seosemia.es\/clientes\/pinkpeas-nueva\/?post_type=product&#038;p=28173"},"modified":"2026-04-08T05:24:27","modified_gmt":"2026-04-08T03:24:27","slug":"hownd-wellness-treats-snack-pack-5x-snacks-para-perro-adulto","status":"publish","type":"product","link":"https:\/\/pinkpeas.es\/ca\/producte\/hownd-wellness-treats-snack-pack-5x-snacks-para-perro-adulto\/","title":{"rendered":"HOWND Wellness Treats Snack Pack 5x Snacks para perro adulto"},"content":{"rendered":"<p>El Snack Pack Wellness Treats HOWND contiene una selecci\u00f3n de 5 snacks 100% vegetales para perros a partir de 8 semanas. Esta linea de snacks es semih\u00fameda por lo que su textura es masticable, suave y tremendamente palatable y sabrosa. Las formulaciones HOWND son naturalmente hipoalerg\u00e9nicas, sin gluten, 100% vegetal y cocinadas en hornos de le\u00f1a de biomasa. Est\u00e1 dise\u00f1ada para perros con est\u00f3mago sensible y es una excelente alternativa para perros propensos a las alergias a la carne, los l\u00e1cteos o el pescado. No contiene ingredientes modificados gen\u00e9ticamente, ni trigo, soja, rellenos, aditivos, conservantes, colorantes o sabores artificiales y, por supuesto, nada de carne. Acreditado por Cruelty Free International, acreditada por PETA Cruelty Free, the Vegetarian (Vegan) Society y The Ethical Company Organisation. Contiene Got an itch, Keep Calm, Yup You stink, Playful Pup y Golden Oldies.<\/p>","protected":false},"excerpt":{"rendered":"<p>El Snack Pack Wellness Treats HOWND contiene una selecci\u00f3n de 5 snacks 100% vegetales para perros. Todos los snacks HOWND son semih\u00famedos y aptos para perros a partir de 8 semanas. Contiene Got an itch, Keep Calm, Yup You stink, Playful Pup y Golden Oldies.<\/p>","protected":false},"featured_media":28449,"comment_status":"open","ping_status":"closed","template":"","meta":[],"product_brand":[617],"product_cat":[534,535,509,525],"product_tag":[511,512,526,513,528,546,517,548,544,518,519,520,521,522,586],"class_list":{"0":"post-28173","1":"product","2":"type-product","3":"status-publish","4":"has-post-thumbnail","6":"product_brand-hownd","7":"product_cat-packs","8":"product_cat-packs-perros","9":"product_cat-perros","10":"product_cat-snacks-perros","11":"product_tag-1-especie-perro","12":"product_tag-2-edad-adulto","13":"product_tag-2-edad-puppy-cachorro","14":"product_tag-2-edad-senior","15":"product_tag-3-producto-snack","16":"product_tag-4-propiedades-dental","17":"product_tag-4-propiedades-estomago-sensible","18":"product_tag-4-propiedades-hipoalergenico","19":"product_tag-4-propiedades-piel-sensible","20":"product_tag-5-alergenos-sin-cereales","21":"product_tag-5-alergenos-sin-gluten","22":"product_tag-5-alergenos-sin-maiz","23":"product_tag-5-alergenos-sin-patata","24":"product_tag-5-alergenos-sin-soja","25":"product_tag-6-textura-semihumedo","27":"first","28":"instock","29":"featured","30":"taxable","31":"shipping-taxable","32":"purchasable","33":"product-type-woosb"},"supplier_id":30169,"supplier_sku":"","barcode":null,"atum_controlled":true,"out_stock_date":null,"out_stock_threshold":null,"inheritable":false,"inbound_stock":null,"stock_on_hold":0,"sold_today":0,"sales_last_days":4,"reserved_stock":null,"customer_returns":null,"warehouse_damage":null,"lost_in_post":null,"other_logs":null,"out_stock_days":0,"lost_sales":0,"has_location":false,"update_date":"2026-04-08T03:24:38","atum_locations":[],"atum_stock_status":"instock","restock_status":false,"low_stock_amount":"","sales_update_date":"2026-03-23T12:04:18","calc_backorders":0,"_links":{"self":[{"href":"https:\/\/pinkpeas.es\/ca\/wp-json\/wp\/v2\/product\/28173","targetHints":{"allow":["GET"]}}],"collection":[{"href":"https:\/\/pinkpeas.es\/ca\/wp-json\/wp\/v2\/product"}],"about":[{"href":"https:\/\/pinkpeas.es\/ca\/wp-json\/wp\/v2\/types\/product"}],"replies":[{"embeddable":true,"href":"https:\/\/pinkpeas.es\/ca\/wp-json\/wp\/v2\/comments?post=28173"}],"wp:featuredmedia":[{"embeddable":true,"href":"https:\/\/pinkpeas.es\/ca\/wp-json\/wp\/v2\/media\/28449"}],"wp:attachment":[{"href":"https:\/\/pinkpeas.es\/ca\/wp-json\/wp\/v2\/media?parent=28173"}],"wp:term":[{"taxonomy":"product_brand","embeddable":true,"href":"https:\/\/pinkpeas.es\/ca\/wp-json\/wp\/v2\/product_brand?post=28173"},{"taxonomy":"product_cat","embeddable":true,"href":"https:\/\/pinkpeas.es\/ca\/wp-json\/wp\/v2\/product_cat?post=28173"},{"taxonomy":"product_tag","embeddable":true,"href":"https:\/\/pinkpeas.es\/ca\/wp-json\/wp\/v2\/product_tag?post=28173"}],"curies":[{"name":"wp","href":"https:\/\/api.w.org\/{rel}","templated":true}]}}