{"id":28159,"date":"2025-04-03T15:53:25","date_gmt":"2025-04-03T13:53:25","guid":{"rendered":"https:\/\/seosemia.es\/clientes\/pinkpeas-nueva\/?post_type=product&#038;p=28159"},"modified":"2025-04-29T11:42:03","modified_gmt":"2025-04-29T09:42:03","slug":"dona-1e-a-la-asociacion-la-gateria-barcelona","status":"publish","type":"product","link":"https:\/\/pinkpeas.es\/ca\/producte\/dona-1e-a-la-asociacion-la-gateria-barcelona\/","title":{"rendered":"Dona 1\u20ac a l'associaci\u00f3 La Gateria Barcelona"},"content":{"rendered":"<p>La Gateria es una organizaci\u00f3n sin \u00e1nimo de lucro que gestiona un espacio en el que viven gatitos en adopci\u00f3n. En La Gateria creen que en un entorno acogedor la espera hasta encontrar su hogar definitivo siempre ser\u00e1 m\u00e1s agradable. Es posible visitar este espacio en los horarios habilitados para poder conocer a los gatos y convivir con ellos, tomar un t\u00e9 o caf\u00e9 as\u00ed como comer alg\u00fan snack vegano o comprar libros de segunda mano. Estas visitas suponen gran parte del sustento econ\u00f3mico de la organizaci\u00f3n aunque son muy reducidas para garantizar el bajo estr\u00e9s.<\/p>\n<p>&nbsp;<\/p>","protected":false},"excerpt":{"rendered":"<p>La Gateria es un espacio acogedor y urbano en el que viven gatitos en adopci\u00f3n.<\/p>","protected":false},"featured_media":26912,"comment_status":"open","ping_status":"closed","template":"","meta":[],"product_brand":[],"product_cat":[22],"product_tag":[557],"class_list":{"0":"post-28159","1":"product","2":"type-product","3":"status-publish","4":"has-post-thumbnail","6":"product_cat-sin-categorizar","7":"product_tag-7-otros-dona","9":"first","10":"instock","11":"purchasable","12":"product-type-simple"},"supplier_id":30155,"supplier_sku":"","barcode":null,"atum_controlled":true,"out_stock_date":null,"out_stock_threshold":null,"inheritable":false,"inbound_stock":0,"stock_on_hold":0,"sold_today":0,"sales_last_days":0,"reserved_stock":0,"customer_returns":0,"warehouse_damage":0,"lost_in_post":0,"other_logs":0,"out_stock_days":0,"lost_sales":0,"has_location":false,"update_date":"2026-05-11T09:08:11","atum_locations":[],"atum_stock_status":"instock","restock_status":false,"low_stock_amount":"","sales_update_date":"2026-05-11T09:08:11","calc_backorders":null,"_links":{"self":[{"href":"https:\/\/pinkpeas.es\/ca\/wp-json\/wp\/v2\/product\/28159","targetHints":{"allow":["GET"]}}],"collection":[{"href":"https:\/\/pinkpeas.es\/ca\/wp-json\/wp\/v2\/product"}],"about":[{"href":"https:\/\/pinkpeas.es\/ca\/wp-json\/wp\/v2\/types\/product"}],"replies":[{"embeddable":true,"href":"https:\/\/pinkpeas.es\/ca\/wp-json\/wp\/v2\/comments?post=28159"}],"wp:featuredmedia":[{"embeddable":true,"href":"https:\/\/pinkpeas.es\/ca\/wp-json\/wp\/v2\/media\/26912"}],"wp:attachment":[{"href":"https:\/\/pinkpeas.es\/ca\/wp-json\/wp\/v2\/media?parent=28159"}],"wp:term":[{"taxonomy":"product_brand","embeddable":true,"href":"https:\/\/pinkpeas.es\/ca\/wp-json\/wp\/v2\/product_brand?post=28159"},{"taxonomy":"product_cat","embeddable":true,"href":"https:\/\/pinkpeas.es\/ca\/wp-json\/wp\/v2\/product_cat?post=28159"},{"taxonomy":"product_tag","embeddable":true,"href":"https:\/\/pinkpeas.es\/ca\/wp-json\/wp\/v2\/product_tag?post=28159"}],"curies":[{"name":"wp","href":"https:\/\/api.w.org\/{rel}","templated":true}]}}