{"id":28156,"date":"2025-04-03T15:53:25","date_gmt":"2025-04-03T13:53:25","guid":{"rendered":"https:\/\/seosemia.es\/clientes\/pinkpeas-nueva\/?post_type=product&#038;p=28156"},"modified":"2026-05-01T13:32:00","modified_gmt":"2026-05-01T11:32:00","slug":"vegdog-jerkeys-snack-vegano-con-patata-y-zanahoria","status":"publish","type":"product","link":"https:\/\/pinkpeas.es\/ca\/producte\/vegdog-jerkeys-snack-vegano-con-patata-y-zanahoria\/","title":{"rendered":"VEGDOG Jerkeys Snack vegano con patata y zanahoria"},"content":{"rendered":"<p>Los <strong>JERKEYS de VEGDOG<\/strong>, gracias a su receta hipoalerg\u00e9nica, no s\u00f3lo son veganos, sino que tambi\u00e9n son aptos para alergias alimentarias. A tu perro le encantar\u00e1 el aroma especiado que desprende el <strong>humo de la madera de haya<\/strong>, \u00a1y a ti tambi\u00e9n! El betacaroteno contenido en las zanahorias se convierte en vitamina A, que es necesaria para la visi\u00f3n, los huesos y la s\u00edntesis de prote\u00ednas de su perro. Como queremos proteger a todos los animales, los JERKEYS no s\u00f3lo no contienen ingredientes animales, sino que no han sido testados con animales. Tampoco contienen atrayentes y colorantes.<\/p>\n<p>Debes guardar los JERKEYS en un lugar fresco y seco. Despu\u00e9s de abrirlo, ci\u00e9rralo de nuevo herm\u00e9ticamente para evitar que se seque.<\/p>\n<p>&nbsp;<\/p>","protected":false},"excerpt":{"rendered":"<p>VEGDOG JERKEYS &#8211; El nuevo snack vegano y saludable a base de zanahorias ahumadas sobre madera de haya. Disponible en envases de 80g.<\/p>","protected":false},"featured_media":26432,"comment_status":"open","ping_status":"closed","template":"","meta":[],"product_brand":[619],"product_cat":[509,525],"product_tag":[511,512,526,513,527,528,529,517,519,520,522,524],"class_list":{"0":"post-28156","1":"product","2":"type-product","3":"status-publish","4":"has-post-thumbnail","6":"product_brand-vegdog","7":"product_cat-perros","8":"product_cat-snacks-perros","9":"product_tag-1-especie-perro","10":"product_tag-2-edad-adulto","11":"product_tag-2-edad-puppy-cachorro","12":"product_tag-2-edad-senior","13":"product_tag-3-producto-receta-complementaria","14":"product_tag-3-producto-snack","15":"product_tag-4-propiedades-bajo-en-grasa","16":"product_tag-4-propiedades-estomago-sensible","17":"product_tag-5-alergenos-sin-gluten","18":"product_tag-5-alergenos-sin-maiz","19":"product_tag-5-alergenos-sin-soja","20":"product_tag-7-otros-marca-100-vegana","22":"first","23":"instock","24":"taxable","25":"shipping-taxable","26":"purchasable","27":"product-type-simple"},"supplier_id":30161,"supplier_sku":"","barcode":"4260446690272","atum_controlled":true,"out_stock_date":null,"out_stock_threshold":null,"inheritable":false,"inbound_stock":0,"stock_on_hold":0,"sold_today":0,"sales_last_days":5,"reserved_stock":0,"customer_returns":0,"warehouse_damage":0,"lost_in_post":0,"other_logs":0,"out_stock_days":0,"lost_sales":0,"has_location":false,"update_date":"2026-05-03T11:28:54","atum_locations":[],"atum_stock_status":"instock","restock_status":false,"low_stock_amount":2,"sales_update_date":"2026-05-03T11:28:54","calc_backorders":null,"_links":{"self":[{"href":"https:\/\/pinkpeas.es\/ca\/wp-json\/wp\/v2\/product\/28156","targetHints":{"allow":["GET"]}}],"collection":[{"href":"https:\/\/pinkpeas.es\/ca\/wp-json\/wp\/v2\/product"}],"about":[{"href":"https:\/\/pinkpeas.es\/ca\/wp-json\/wp\/v2\/types\/product"}],"replies":[{"embeddable":true,"href":"https:\/\/pinkpeas.es\/ca\/wp-json\/wp\/v2\/comments?post=28156"}],"wp:featuredmedia":[{"embeddable":true,"href":"https:\/\/pinkpeas.es\/ca\/wp-json\/wp\/v2\/media\/26432"}],"wp:attachment":[{"href":"https:\/\/pinkpeas.es\/ca\/wp-json\/wp\/v2\/media?parent=28156"}],"wp:term":[{"taxonomy":"product_brand","embeddable":true,"href":"https:\/\/pinkpeas.es\/ca\/wp-json\/wp\/v2\/product_brand?post=28156"},{"taxonomy":"product_cat","embeddable":true,"href":"https:\/\/pinkpeas.es\/ca\/wp-json\/wp\/v2\/product_cat?post=28156"},{"taxonomy":"product_tag","embeddable":true,"href":"https:\/\/pinkpeas.es\/ca\/wp-json\/wp\/v2\/product_tag?post=28156"}],"curies":[{"name":"wp","href":"https:\/\/api.w.org\/{rel}","templated":true}]}}