{"id":28153,"date":"2025-04-03T15:53:24","date_gmt":"2025-04-03T13:53:24","guid":{"rendered":"https:\/\/seosemia.es\/clientes\/pinkpeas-nueva\/?post_type=product&#038;p=28153"},"modified":"2026-05-12T09:17:25","modified_gmt":"2026-05-12T07:17:25","slug":"vegdog-green-crunch-pienso-vegano-para-perros","status":"publish","type":"product","link":"https:\/\/pinkpeas.es\/ca\/producte\/vegdog-green-crunch-pienso-vegano-para-perros\/","title":{"rendered":"VEGDOG Green Crunch Pienso vegano para perros"},"content":{"rendered":"<p><strong><span class=\"OYPEnA text-decoration-none text-strikethrough-none\">VEGDOG GREEN CRUNCH<\/span><\/strong><span class=\"OYPEnA text-decoration-none text-strikethrough-none\"> es el nuevo y mejorado alimento vegano completo de VegDog. Con una fuente alternativa de prote\u00ednas, sin cereales ni soja. S\u00faper digerible, sostenible y saludable. La nueva receta es a\u00fan m\u00e1s llevadera y sabe a\u00fan m\u00e1s sabrosa. Con prote\u00edna de guisante a\u00fan m\u00e1s digerible y de alta calidad. Incluye una secreta mezcla de levadura de cerveza para un sabor umami intenso y arom\u00e1tico de forma natural. VEGDOG GREEN CRUNCH no contiene atrayentes, colorantes ni conservantes. Es un alimento completo por lo que puedes alimentar a tu amigo peludo con Green Crunch sin necesidad de a\u00f1adir ning\u00fan alimento adicional.<\/span><\/p>\n<h3><span class=\"OYPEnA text-decoration-none text-strikethrough-none\">Fuentes de prote\u00edna principales<\/span><\/h3>\n<p><span class=\"OYPEnA text-decoration-none text-strikethrough-none\">Las principales fuentes proteicas son las lentejas y los guisantes que aportan un perfil \u00f3ptimo de amino\u00e1cidos y fortalecen los m\u00fasculos de tu amigo de cuatro patas. Las algas a\u00f1adidas proporcionan los \u00e1cidos grasos omega-3 y -6 esenciales para proporcionar un pelaje suave y saludable as\u00ed como una buena piel. Los minerales adaptados a esta receta garantiza otros nutrientes esenciales como la vitamina B12, la taurina y la carnitina.<\/span><\/p>\n<h3><span class=\"OYPEnA text-decoration-none text-strikethrough-none\">Apto para<\/span><\/h3>\n<p><span class=\"OYPEnA text-decoration-none text-strikethrough-none\">Es apto para perros a partir de 12 meses (dependiendo del tama\u00f1o y raza) y perros seniors. Tambi\u00e9n es adecuado para perros sensibles y como dieta de exclusi\u00f3n. <\/span><strong><span class=\"OYPEnA text-decoration-none text-strikethrough-none\">No es apto para cachorros o perras lactantes<\/span><\/strong><span class=\"OYPEnA text-decoration-none text-strikethrough-none\"> ya que tienen mayores necesidades de nutrientes y energ\u00eda.<\/span><\/p>\n<h3><span class=\"OYPEnA text-decoration-none text-strikethrough-none\">Embalaje<\/span><\/h3>\n<div class=\"scriptor-paragraph\">El nuevo embalaje facilita el d\u00eda a d\u00eda y es un paso hacia la sostenibilidad. Es monomaterial, robusto y reciclable. Protege de la humedad y permite el sellado con una pr\u00e1ctica cremallera o cierre aplix. Mantiene la frescura, genera menos residuos y menos productos da\u00f1ados.<\/div>\n<div class=\"scriptor-paragraph\"><\/div>\n<div class=\"scriptor-paragraph\">Despu\u00e9s de su uso, la bolsa se puede desechar f\u00e1cilmente en el contenedor amarillo.<\/div>\n<p>&nbsp;<\/p>","protected":false},"excerpt":{"rendered":"<p>El nuevo y mejorado alimento vegano completo de Vegdog. Con una fuente alternativa de prote\u00ednas, s\u00faper digerible, sostenible y sabroso! Disponible en los nuevos sacos autosellables de 1kg, 4kg y 10kg.<\/p>\n<p>Los formatos de 2kg y 5kg son los envases cl\u00e1sicos Vegdog de cart\u00f3n que van a ser descontinuados. Solo disponibles hasta fin de existencias.<\/p>","protected":false},"featured_media":33190,"comment_status":"open","ping_status":"closed","template":"","meta":[],"product_brand":[619],"product_cat":[510,509],"product_tag":[511,512,513,514,515,516,517,518,519,520,521,522,523,524],"class_list":{"0":"post-28153","1":"product","2":"type-product","3":"status-publish","4":"has-post-thumbnail","6":"product_brand-vegdog","7":"product_cat-comida-seca-perros","8":"product_cat-perros","9":"product_tag-1-especie-perro","10":"product_tag-2-edad-adulto","11":"product_tag-2-edad-senior","12":"product_tag-3-producto-alimento-seco","13":"product_tag-3-producto-receta-completa","14":"product_tag-4-propiedades-dieta-de-eliminacion","15":"product_tag-4-propiedades-estomago-sensible","16":"product_tag-5-alergenos-sin-cereales","17":"product_tag-5-alergenos-sin-gluten","18":"product_tag-5-alergenos-sin-maiz","19":"product_tag-5-alergenos-sin-patata","20":"product_tag-5-alergenos-sin-soja","21":"product_tag-6-textura-duro","22":"product_tag-7-otros-marca-100-vegana","24":"first","25":"instock","26":"featured","27":"taxable","28":"shipping-taxable","29":"purchasable","30":"product-type-variable"},"supplier_id":null,"supplier_sku":"","barcode":null,"atum_controlled":true,"out_stock_date":null,"out_stock_threshold":null,"inheritable":true,"inbound_stock":0,"stock_on_hold":7,"sold_today":1,"sales_last_days":7,"reserved_stock":0,"customer_returns":0,"warehouse_damage":0,"lost_in_post":0,"other_logs":0,"out_stock_days":0,"lost_sales":0,"has_location":false,"update_date":"2026-05-12T12:59:35","atum_locations":[],"atum_stock_status":"instock","restock_status":false,"low_stock_amount":"","sales_update_date":"2026-05-12T12:59:35","calc_backorders":null,"_links":{"self":[{"href":"https:\/\/pinkpeas.es\/ca\/wp-json\/wp\/v2\/product\/28153","targetHints":{"allow":["GET"]}}],"collection":[{"href":"https:\/\/pinkpeas.es\/ca\/wp-json\/wp\/v2\/product"}],"about":[{"href":"https:\/\/pinkpeas.es\/ca\/wp-json\/wp\/v2\/types\/product"}],"replies":[{"embeddable":true,"href":"https:\/\/pinkpeas.es\/ca\/wp-json\/wp\/v2\/comments?post=28153"}],"wp:featuredmedia":[{"embeddable":true,"href":"https:\/\/pinkpeas.es\/ca\/wp-json\/wp\/v2\/media\/33190"}],"wp:attachment":[{"href":"https:\/\/pinkpeas.es\/ca\/wp-json\/wp\/v2\/media?parent=28153"}],"wp:term":[{"taxonomy":"product_brand","embeddable":true,"href":"https:\/\/pinkpeas.es\/ca\/wp-json\/wp\/v2\/product_brand?post=28153"},{"taxonomy":"product_cat","embeddable":true,"href":"https:\/\/pinkpeas.es\/ca\/wp-json\/wp\/v2\/product_cat?post=28153"},{"taxonomy":"product_tag","embeddable":true,"href":"https:\/\/pinkpeas.es\/ca\/wp-json\/wp\/v2\/product_tag?post=28153"}],"curies":[{"name":"wp","href":"https:\/\/api.w.org\/{rel}","templated":true}]}}