{"id":2071,"date":"2025-03-28T10:53:40","date_gmt":"2025-03-28T09:53:40","guid":{"rendered":"https:\/\/seosemia.es\/clientes\/pinkpeas-nueva\/?page_id=2071"},"modified":"2025-06-04T16:25:38","modified_gmt":"2025-06-04T14:25:38","slug":"cookies","status":"publish","type":"page","link":"https:\/\/pinkpeas.es\/ca\/cookies\/","title":{"rendered":"Cookies"},"content":{"rendered":"<div data-elementor-type=\"wp-page\" data-elementor-id=\"2071\" class=\"elementor elementor-2071\" data-elementor-post-type=\"page\">\n\t\t\t\t<div class=\"elementor-element elementor-element-9c4f7f2 e-flex e-con-boxed e-con e-parent\" data-id=\"9c4f7f2\" data-element_type=\"container\" data-e-type=\"container\">\n\t\t\t\t\t<div class=\"e-con-inner\">\n\t\t\t\t<div class=\"elementor-element elementor-element-54001f7 elementor-widget elementor-widget-heading\" data-id=\"54001f7\" data-element_type=\"widget\" data-e-type=\"widget\" data-widget_type=\"heading.default\">\n\t\t\t\t<div class=\"elementor-widget-container\">\n\t\t\t\t\t<h1 class=\"elementor-heading-title elementor-size-default\">Pol\u00edtica de galetes de PinkPeas<\/h1>\t\t\t\t<\/div>\n\t\t\t\t<\/div>\n\t\t\t\t<div class=\"elementor-element elementor-element-4a802ff elementor-widget elementor-widget-heading\" data-id=\"4a802ff\" data-element_type=\"widget\" data-e-type=\"widget\" data-widget_type=\"heading.default\">\n\t\t\t\t<div class=\"elementor-widget-container\">\n\t\t\t\t\t<h2 class=\"elementor-heading-title elementor-size-default\">Introducci\u00f3<\/h2>\t\t\t\t<\/div>\n\t\t\t\t<\/div>\n\t\t\t\t<div class=\"elementor-element elementor-element-5a629e9 elementor-widget elementor-widget-text-editor\" data-id=\"5a629e9\" data-element_type=\"widget\" data-e-type=\"widget\" data-widget_type=\"text-editor.default\">\n\t\t\t\t<div class=\"elementor-widget-container\">\n\t\t\t\t\t\t\t\t\t<p>En compliment de la Llei 34\/2002, d\u201911 de juliol, de Serveis de la Societat de la Informaci\u00f3 i Comer\u00e7 Electr\u00f2nic, informem l\u2019Usuari sobre l\u2019\u00fas de galetes al web de \u201cPinkPeas\u201d.<\/p><p>Les galetes permeten, entre altres coses, recopilar informaci\u00f3 estad\u00edstica, facilitar certes funcionalitats t\u00e8cniques, emmagatzemar i recuperar informaci\u00f3 sobre els h\u00e0bits de navegaci\u00f3 o prefer\u00e8ncies d\u2019un Usuari o del seu equip i, depenent de la informaci\u00f3 que continguin i de la manera en qu\u00e8 utilitzi el seu dispositiu, poden utilitzar-se per recon\u00e8ixer l\u2019Usuari, recordar aspectes com el seu idioma, pa\u00eds, navegador, etc. En cas de no voler rebre galetes, l\u2019Usuari podr\u00e0 configurar el seu navegador perqu\u00e8 les esborri del disc dur, les bloquegi o l\u2019avisi en cas d\u2019instal\u00b7laci\u00f3.<\/p><p>El nostre lloc web utilitza galetes i altres tecnologies relacionades (per comoditat, totes les tecnologies es denominen \u201cgaletes\u201d). Les galetes tamb\u00e9 s\u00f3n col\u00b7locades per tercers que hem contractat. En el document seg\u00fcent t\u2019informem sobre l\u2019\u00fas de galetes al nostre web.<\/p>\t\t\t\t\t\t\t\t<\/div>\n\t\t\t\t<\/div>\n\t\t\t\t<div class=\"elementor-element elementor-element-a24bbfe elementor-widget elementor-widget-heading\" data-id=\"a24bbfe\" data-element_type=\"widget\" data-e-type=\"widget\" data-widget_type=\"heading.default\">\n\t\t\t\t<div class=\"elementor-widget-container\">\n\t\t\t\t\t<h2 class=\"elementor-heading-title elementor-size-default\">Qu\u00e8 s\u00f3n les galetes, els scripts o les balises web?<\/h2>\t\t\t\t<\/div>\n\t\t\t\t<\/div>\n\t\t\t\t<div class=\"elementor-element elementor-element-948a4e6 elementor-widget elementor-widget-text-editor\" data-id=\"948a4e6\" data-element_type=\"widget\" data-e-type=\"widget\" data-widget_type=\"text-editor.default\">\n\t\t\t\t<div class=\"elementor-widget-container\">\n\t\t\t\t\t\t\t\t\t<p>Una galeta \u00e9s un petit arxiu simple que s\u2019envia juntament amb les p\u00e0gines d\u2019aquest web i que el navegador de l\u2019usuari emmagatzema al disc dur del seu ordinador o d\u2019un altre dispositiu (smartphone, tauleta, televisi\u00f3 connectada\u2026). La informaci\u00f3 emmagatzemada pot ser retornada als nostres servidors o als servidors de tercers rellevants durant una visita posterior.<\/p><p>Un script \u00e9s un fragment de codi que s\u2019utilitza perqu\u00e8 el nostre web funcioni correctament i de manera interactiva. Aquest codi s\u2019executa al nostre servidor o al dispositiu de l\u2019usuari.<\/p><p>Una balisa web (o etiqueta de p\u00edxel) \u00e9s un petit i invisible fragment de text o imatge en un web que s\u2019utilitza per fer un seguiment del tr\u00e0nsit al lloc web.<\/p>\t\t\t\t\t\t\t\t<\/div>\n\t\t\t\t<\/div>\n\t\t\t\t<div class=\"elementor-element elementor-element-14edd06 elementor-widget elementor-widget-heading\" data-id=\"14edd06\" data-element_type=\"widget\" data-e-type=\"widget\" data-widget_type=\"heading.default\">\n\t\t\t\t<div class=\"elementor-widget-container\">\n\t\t\t\t\t<h2 class=\"elementor-heading-title elementor-size-default\">Segons l\u2019entitat que les gestioni, les galetes poden ser:<\/h2>\t\t\t\t<\/div>\n\t\t\t\t<\/div>\n\t\t\t\t<div class=\"elementor-element elementor-element-3c54d07 elementor-widget elementor-widget-text-editor\" data-id=\"3c54d07\" data-element_type=\"widget\" data-e-type=\"widget\" data-widget_type=\"text-editor.default\">\n\t\t\t\t<div class=\"elementor-widget-container\">\n\t\t\t\t\t\t\t\t\t<ul><li><em>Pr\u00f2pies<\/em><\/li><\/ul><p>S\u00f3n galetes enviades des dels nostres servidors o dominis directament al dispositiu de l\u2019usuari. Es generen i gestionen per nosaltres i el seu \u00fas contribueix al correcte funcionament i personalitzaci\u00f3 de l\u2019experi\u00e8ncia de l\u2019usuari.<\/p><ul><li><em>De tercers<\/em><\/li><\/ul><p>El lloc web pot utilitzar galetes instal\u00b7lades per tercers per fer una an\u00e0lisi estad\u00edstica sobre la navegaci\u00f3 dels usuaris o mostrar contingut publicitari personalitzat. \u00c9s important tenir en compte que, en cas d\u2019acceptar galetes de tercers, ser\u00e0 responsabilitat de l\u2019usuari eliminar-les des de les opcions del navegador o mitjan\u00e7ant el sistema que proporcioni el propi tercer.<\/p><p>Tant aquest lloc web com els seus representants legals no es fan responsables ni del contingut ni de la veracitat de les pol\u00edtiques de privacitat que puguin tenir els tercers esmentats en aquesta pol\u00edtica de galetes. Els navegadors web s\u00f3n les eines encarregades d\u2019emmagatzemar les galetes i des d\u2019aquests, els usuaris han d\u2019exercir el seu dret a la seva eliminaci\u00f3 o desactivaci\u00f3. Ni aquest lloc web ni els seus representants legals poden garantir la correcta o incorrecta manipulaci\u00f3 de les galetes per part dels navegadors.<\/p>\t\t\t\t\t\t\t\t<\/div>\n\t\t\t\t<\/div>\n\t\t\t\t<div class=\"elementor-element elementor-element-a8ce25e elementor-widget elementor-widget-heading\" data-id=\"a8ce25e\" data-element_type=\"widget\" data-e-type=\"widget\" data-widget_type=\"heading.default\">\n\t\t\t\t<div class=\"elementor-widget-container\">\n\t\t\t\t\t<h2 class=\"elementor-heading-title elementor-size-default\">Segons la seva finalitat, les galetes poden ser:<\/h2>\t\t\t\t<\/div>\n\t\t\t\t<\/div>\n\t\t\t\t<div class=\"elementor-element elementor-element-559d15a elementor-widget elementor-widget-text-editor\" data-id=\"559d15a\" data-element_type=\"widget\" data-e-type=\"widget\" data-widget_type=\"text-editor.default\">\n\t\t\t\t<div class=\"elementor-widget-container\">\n\t\t\t\t\t\t\t\t\t<ul><li><ul><li><em>Galetes t\u00e8cniques o funcionals<\/em><\/li><\/ul><p>Algunes galetes asseguren que certes parts de la web funcionin correctament i que es puguin recordar les prefer\u00e8ncies de l\u2019usuari. En col\u00b7locar galetes funcionals, facilitem la visita i \u00fas del nostre web. Aix\u00ed, no cal introduir repetidament la mateixa informaci\u00f3 quan es visita la nostra web i, per exemple, els articles es mantenen a la cistella de la compra fins que l\u2019usuari finalitza la compra. La normativa permet col\u00b7locar aquestes galetes sense el teu consentiment.<\/p><ul><li><em>Galetes anal\u00edtiques<\/em><\/li><\/ul><p>S\u2019utilitzen per optimitzar l\u2019experi\u00e8ncia al lloc web. Aquestes galetes permeten el seguiment i an\u00e0lisi del comportament dels usuaris. Per a la seva inserci\u00f3, \u00e9s necessari el consentiment de l\u2019usuari. Aquesta informaci\u00f3 \u00e9s valuosa per millorar i ajustar el contingut i el disseny, assegurant una experi\u00e8ncia m\u00e9s eficient i personalitzada.<\/p><ul><li><em>Galetes de publicitat o m\u00e0rqueting<\/em><\/li><\/ul><p>Emmagatzemen informaci\u00f3 sobre el comportament dels usuaris obtinguda a partir de l\u2019observaci\u00f3 continuada dels seus h\u00e0bits de navegaci\u00f3, permetent desenvolupar un perfil espec\u00edfic per mostrar publicitat en funci\u00f3 del mateix. Nosaltres i tercers recopilem informaci\u00f3 sobre els resultats de les campanyes basant-nos en un perfil creat a partir dels clics i la navegaci\u00f3 de l\u2019usuari. Amb aquestes galetes, l\u2019usuari queda vinculat a un ID \u00fanic. Es necessita el consentiment de l\u2019usuari per inserir aquestes galetes.<\/p><ul><li><em>Botons de xarxes socials<\/em><\/li><\/ul><p>S\u00f3n botons que s\u2019utilitzen per promocionar p\u00e0gines (p. ex. \u00abm\u2019agrada\u00bb, \u00abpin\u00bb) o compartir-les (p. ex. \u00abtuitejar\u00bb) en xarxes socials com Facebook. Aquests botons funcionen amb codi de les pr\u00f2pies xarxes socials, que incrusten galetes. Poden emmagatzemar i processar informaci\u00f3, mostrant anuncis personalitzats.<\/p><p>En fer clic en aquests botons, acceptes l\u2019\u00fas de galetes d\u2019aquestes xarxes socials, regulades exclusivament per la pol\u00edtica de privacitat de les respectives entitats. Llegeix-les (poden canviar sovint) per saber qu\u00e8 fan amb les teves dades personals.<\/p><\/li><\/ul><p>En esta web se utilizan las siguientes cookies<\/p><table width=\"670\"><tbody><tr><td width=\"184\"><p><strong>FINALITAT<\/strong><\/p><\/td><td colspan=\"3\" width=\"486\"><p><strong>T\u00c8CNIQUES<\/strong><\/p><\/td><\/tr><tr><td width=\"184\"><p>NOM DE LA GALETA<\/p><\/td><td width=\"331\"><p>DESCRIPCI\u00d3\/FINALITAT<\/p><\/td><td width=\"68\"><p>GESTI\u00d3<\/p><\/td><td width=\"87\"><p>CADUCITAT<\/p><\/td><\/tr><tr><td width=\"184\"><p>_lscache_vary<\/p><\/td><td width=\"331\"><p>Galeta utilitzada per con\u00e8ixer l\u2019estat del visitant o el rol de l\u2019usuari. No emmagatzema dades personals.<\/p><\/td><td width=\"68\"><p>Pr\u00f2pia<\/p><\/td><td width=\"87\"><p>2 dies<\/p><\/td><\/tr><\/tbody><\/table><p><strong>\u00a0<\/strong><\/p><table width=\"672\"><tbody><tr><td width=\"185\"><p><strong>FINALITAT<\/strong><\/p><\/td><td colspan=\"3\" width=\"487\"><p><strong>ANAL\u00cdTIQUES<\/strong><\/p><\/td><\/tr><tr><td width=\"185\"><p>NOM DE LA GALETA<\/p><\/td><td width=\"330\"><p>DESCRIPCI\u00d3\/FINALITAT<\/p><\/td><td width=\"68\"><p>GESTI\u00d3<\/p><\/td><td width=\"90\"><p>CADUCITAT<\/p><\/td><\/tr><tr><td width=\"185\"><p>_ga, _ga_xxx<\/p><\/td><td width=\"330\"><p>Galetes de Google Analytics. Informes estad\u00edstics sobre com els usuaris troben la p\u00e0gina web i com la utilitzen: p\u00e0gines visitades, temps d\u2019estada, tipus de navegador\u2026<\/p><p>_ga: S\u2019utilitzen per distingir els usuaris.<\/p><p><a href=\"http:\/\/www.google.com\/intl\/es\/policies\/\" target=\"_blank\" rel=\"noopener\">M\u00e9s informaci\u00f3<\/a><\/p><\/td><td width=\"68\"><p>De tercers<\/p><\/td><td width=\"90\"><p>2 anys<\/p><p>\u00a0<\/p><\/td><\/tr><tr><td width=\"185\"><p>last_pys_landing_page,<\/p><p>last_pysTrafficSource,<\/p><p>pys_first_visit,<\/p><p>pys_landing_page,<\/p><p>pys_session_limit,<\/p><p>pys_start_session,<\/p><p>pysTrafficSource<\/p><\/td><td width=\"330\"><p>Galetes utilitzades per registrar dades estad\u00edstiques del comportament del visitant al web, emprades per a an\u00e0lisis internes.<\/p><\/td><td width=\"68\"><p>De tercers<\/p><\/td><td width=\"90\"><p>7 d\u00edas<\/p><\/td><\/tr><tr><td width=\"185\"><p>sbjs_current_add,<\/p><p>sbjs_current,<\/p><p>sbjs_first_add,<\/p><p>sbjs_first,<\/p><p>sbjs_migrations,<\/p><p>sbjs_session,<\/p><p>sbjs_udata<\/p><p><strong>\u00a0<\/strong><\/p><\/td><td width=\"330\"><p>Galetes de rendiment que es fan servir per recopilar dades sobre com els visitants utilitzen el lloc web, quines p\u00e0gines es visiten m\u00e9s sovint o si es reben missatges d\u2019error en alguna p\u00e0gina. Aquestes galetes nom\u00e9s monitoren el rendiment del lloc mentre l\u2019usuari interactua amb ell. No recopilen informaci\u00f3 identificable sobre els visitants, per la qual cosa totes les dades s\u00f3n an\u00f2nimes i nom\u00e9s s\u2019utilitzen per millorar la funcionalitat del web.<\/p><\/td><td width=\"68\"><p>Pr\u00f2pia<\/p><\/td><td width=\"90\"><p>De sessi\u00f3<\/p><\/td><\/tr><\/tbody><\/table><p>\u00a0<\/p><table width=\"678\"><tbody><tr><td width=\"186\"><p><strong>FINALITAT<\/strong><\/p><\/td><td colspan=\"3\" width=\"491\"><p><strong>PUBLICITAT<\/strong><\/p><\/td><\/tr><tr><td width=\"186\"><p>NOM DE LA GALETA<\/p><\/td><td width=\"332\"><p>DESCRIPCI\u00d3\/FINALITAT<\/p><\/td><td width=\"72\"><p>GESTI\u00d3<\/p><\/td><td width=\"87\"><p>CADUCITAT<\/p><\/td><\/tr><tr><td width=\"186\"><p>_fbp<\/p><\/td><td width=\"332\"><p>Galetes utilitzades per a la personalitzaci\u00f3 d\u2019anuncis i per avaluar-ne l\u2019efectivitat, aix\u00ed com per mostrar anuncis rellevants basats en les teves visites als llocs web dels nostres socis publicitaris. Aquest proc\u00e9s ens permet oferir-te anuncis i contingut de qualitat que siguin del teu inter\u00e8s.<\/p><\/td><td width=\"72\"><p>De tercers<\/p><\/td><td width=\"87\"><p>3 mesos<\/p><\/td><\/tr><\/tbody><\/table><p>\u00a0<\/p>\t\t\t\t\t\t\t\t<\/div>\n\t\t\t\t<\/div>\n\t\t\t\t<div class=\"elementor-element elementor-element-1b27c8f elementor-widget elementor-widget-heading\" data-id=\"1b27c8f\" data-element_type=\"widget\" data-e-type=\"widget\" data-widget_type=\"heading.default\">\n\t\t\t\t<div class=\"elementor-widget-container\">\n\t\t\t\t\t<h2 class=\"elementor-heading-title elementor-size-default\">En aquesta web tamb\u00e9 s\u2019utilitzen altres galetes dels nostres socis<\/h2>\t\t\t\t<\/div>\n\t\t\t\t<\/div>\n\t\t\t\t<div class=\"elementor-element elementor-element-d925f5b elementor-widget elementor-widget-text-editor\" data-id=\"d925f5b\" data-element_type=\"widget\" data-e-type=\"widget\" data-widget_type=\"text-editor.default\">\n\t\t\t\t<div class=\"elementor-widget-container\">\n\t\t\t\t\t\t\t\t\t<p>El lloc web pot fer \u00fas de galetes instal\u00b7lades per tercers amb la finalitat de realitzar una an\u00e0lisi estad\u00edstica sobre la navegaci\u00f3 dels usuaris o mostrar contingut publicitari personalitzat, que no ha estat identificat pr\u00e8viament al quadre anterior. A continuaci\u00f3, et proporcionem un llistat dels nostres socis:<\/p><ul><li><a href=\"http:\/\/www.google.com\/intl\/es\/policies\/\" target=\"_blank\" rel=\"noopener\">Google<\/a><\/li><\/ul><p>Et recomanem revisar les pol\u00edtiques de privacitat d\u2019aquests socis per obtenir informaci\u00f3 detallada sobre com utilitzen les galetes.<\/p>\t\t\t\t\t\t\t\t<\/div>\n\t\t\t\t<\/div>\n\t\t\t\t<div class=\"elementor-element elementor-element-2132670 elementor-widget elementor-widget-heading\" data-id=\"2132670\" data-element_type=\"widget\" data-e-type=\"widget\" data-widget_type=\"heading.default\">\n\t\t\t\t<div class=\"elementor-widget-container\">\n\t\t\t\t\t<h2 class=\"elementor-heading-title elementor-size-default\">Consentiment i configuraci\u00f3 de galetes<\/h2>\t\t\t\t<\/div>\n\t\t\t\t<\/div>\n\t\t\t\t<div class=\"elementor-element elementor-element-eec8c57 elementor-widget elementor-widget-text-editor\" data-id=\"eec8c57\" data-element_type=\"widget\" data-e-type=\"widget\" data-widget_type=\"text-editor.default\">\n\t\t\t\t<div class=\"elementor-widget-container\">\n\t\t\t\t\t\t\t\t\t<p>Quan visitis la nostra web per primera vegada, et mostrarem una finestra emergent amb una explicaci\u00f3 sobre les galetes (\u201cprimera capa\u201d). Tan bon punt facis clic al bot\u00f3 d\u2019acceptaci\u00f3, acceptes que utilitzem les categories de galetes i plugins que hagis seleccionat a la finestra emergent, tal com es descriu en aquesta pol\u00edtica de galetes. Pots desactivar l\u2019\u00fas de galetes mitjan\u00e7ant el teu navegador o des del b\u00e0ner de gesti\u00f3 de galetes del nostre lloc web.<\/p>\t\t\t\t\t\t\t\t<\/div>\n\t\t\t\t<\/div>\n\t\t\t\t<div class=\"elementor-element elementor-element-be05122 elementor-widget elementor-widget-heading\" data-id=\"be05122\" data-element_type=\"widget\" data-e-type=\"widget\" data-widget_type=\"heading.default\">\n\t\t\t\t<div class=\"elementor-widget-container\">\n\t\t\t\t\t<h2 class=\"elementor-heading-title elementor-size-default\">Els teus drets respecte a les dades personals<\/h2>\t\t\t\t<\/div>\n\t\t\t\t<\/div>\n\t\t\t\t<div class=\"elementor-element elementor-element-ceca090 elementor-widget elementor-widget-text-editor\" data-id=\"ceca090\" data-element_type=\"widget\" data-e-type=\"widget\" data-widget_type=\"text-editor.default\">\n\t\t\t\t<div class=\"elementor-widget-container\">\n\t\t\t\t\t\t\t\t\t<p>Visita la nostra pol\u00edtica de privacitat per con\u00e8ixer els teus drets respecte al tractament de dades personals i com exercir-los.<\/p>\t\t\t\t\t\t\t\t<\/div>\n\t\t\t\t<\/div>\n\t\t\t\t<div class=\"elementor-element elementor-element-17cfcf6 elementor-widget elementor-widget-heading\" data-id=\"17cfcf6\" data-element_type=\"widget\" data-e-type=\"widget\" data-widget_type=\"heading.default\">\n\t\t\t\t<div class=\"elementor-widget-container\">\n\t\t\t\t\t<h2 class=\"elementor-heading-title elementor-size-default\">Activaci\u00f3, desactivaci\u00f3 i eliminaci\u00f3 de galetes<\/h2>\t\t\t\t<\/div>\n\t\t\t\t<\/div>\n\t\t\t\t<div class=\"elementor-element elementor-element-10c1bd6 elementor-widget elementor-widget-text-editor\" data-id=\"10c1bd6\" data-element_type=\"widget\" data-e-type=\"widget\" data-widget_type=\"text-editor.default\">\n\t\t\t\t<div class=\"elementor-widget-container\">\n\t\t\t\t\t\t\t\t\t<p>Pots utilitzar el teu navegador d\u2019Internet per eliminar les galetes autom\u00e0ticament o manualment. Tamb\u00e9 pots especificar que certes galetes no es puguin col\u00b7locar. Una altra opci\u00f3 \u00e9s canviar la configuraci\u00f3 del teu navegador perqu\u00e8 rebi un missatge cada vegada que es col\u00b7loqui una galeta. Per obtenir m\u00e9s informaci\u00f3 sobre aquestes opcions, consulta les instruccions de la secci\u00f3 \u00abAjuda\u00bb del teu navegador.<\/p><p>Tingues en compte que la nostra web pot no funcionar correctament si totes les galetes estan desactivades. Si esborres les galetes del navegador, es tornaran a col\u00b7locar despr\u00e9s del teu consentiment quan tornis a visitar els nostres webs.<\/p>\t\t\t\t\t\t\t\t<\/div>\n\t\t\t\t<\/div>\n\t\t\t\t\t<\/div>\n\t\t\t\t<\/div>\n\t\t\t\t<\/div>","protected":false},"excerpt":{"rendered":"<p>POL\u00cdTICA DE COOKIES PINKPEAS Introducci\u00f3n En cumplimiento de la Ley 34\/2002, de 11 de julio, de Servicios de la Sociedad de la Informaci\u00f3n y Comercio Electr\u00f3nico informamos al Usuario de la utilizaci\u00f3n de cookies en la web de \u201cPinkPeas\u201d. Las cookies permiten, entre otras cosas, recopilar informaci\u00f3n estad\u00edstica, facilitar ciertas funcionalidades t\u00e9cnicas, almacenar y recuperar [&hellip;]<\/p>\n","protected":false},"author":1,"featured_media":0,"parent":0,"menu_order":0,"comment_status":"closed","ping_status":"closed","template":"","meta":{"footnotes":""},"class_list":["post-2071","page","type-page","status-publish","hentry"],"_links":{"self":[{"href":"https:\/\/pinkpeas.es\/ca\/wp-json\/wp\/v2\/pages\/2071","targetHints":{"allow":["GET"]}}],"collection":[{"href":"https:\/\/pinkpeas.es\/ca\/wp-json\/wp\/v2\/pages"}],"about":[{"href":"https:\/\/pinkpeas.es\/ca\/wp-json\/wp\/v2\/types\/page"}],"author":[{"embeddable":true,"href":"https:\/\/pinkpeas.es\/ca\/wp-json\/wp\/v2\/users\/1"}],"replies":[{"embeddable":true,"href":"https:\/\/pinkpeas.es\/ca\/wp-json\/wp\/v2\/comments?post=2071"}],"version-history":[{"count":0,"href":"https:\/\/pinkpeas.es\/ca\/wp-json\/wp\/v2\/pages\/2071\/revisions"}],"wp:attachment":[{"href":"https:\/\/pinkpeas.es\/ca\/wp-json\/wp\/v2\/media?parent=2071"}],"curies":[{"name":"wp","href":"https:\/\/api.w.org\/{rel}","templated":true}]}}