{"id":2063,"date":"2025-03-28T10:44:09","date_gmt":"2025-03-28T09:44:09","guid":{"rendered":"https:\/\/seosemia.es\/clientes\/pinkpeas-nueva\/?page_id=2063"},"modified":"2025-06-24T11:10:39","modified_gmt":"2025-06-24T09:10:39","slug":"aviso-legal","status":"publish","type":"page","link":"https:\/\/pinkpeas.es\/ca\/aviso-legal\/","title":{"rendered":"Av\u00eds Legal"},"content":{"rendered":"<div data-elementor-type=\"wp-page\" data-elementor-id=\"2063\" class=\"elementor elementor-2063\" data-elementor-post-type=\"page\">\n\t\t\t\t<div class=\"elementor-element elementor-element-9c4f7f2 e-flex e-con-boxed e-con e-parent\" data-id=\"9c4f7f2\" data-element_type=\"container\" data-e-type=\"container\">\n\t\t\t\t\t<div class=\"e-con-inner\">\n\t\t\t\t<div class=\"elementor-element elementor-element-54001f7 elementor-widget elementor-widget-heading\" data-id=\"54001f7\" data-element_type=\"widget\" data-e-type=\"widget\" data-widget_type=\"heading.default\">\n\t\t\t\t<div class=\"elementor-widget-container\">\n\t\t\t\t\t<h1 class=\"elementor-heading-title elementor-size-default\">Av\u00eds Legal\n<\/h1>\t\t\t\t<\/div>\n\t\t\t\t<\/div>\n\t\t\t\t<div class=\"elementor-element elementor-element-4a802ff elementor-widget elementor-widget-heading\" data-id=\"4a802ff\" data-element_type=\"widget\" data-e-type=\"widget\" data-widget_type=\"heading.default\">\n\t\t\t\t<div class=\"elementor-widget-container\">\n\t\t\t\t\t<h2 class=\"elementor-heading-title elementor-size-default\">Identitat del Responsable del Tractament<\/h2>\t\t\t\t<\/div>\n\t\t\t\t<\/div>\n\t\t\t\t<div class=\"elementor-element elementor-element-5a629e9 elementor-widget elementor-widget-text-editor\" data-id=\"5a629e9\" data-element_type=\"widget\" data-e-type=\"widget\" data-widget_type=\"text-editor.default\">\n\t\t\t\t<div class=\"elementor-widget-container\">\n\t\t\t\t\t\t\t\t\t<p>En compliment de larticle 10 de la Llei 34\/2002, de 11 de juliol, de Serveis de la Societat de la Informaci\u00f3 i del Comer\u00e7 Electr\u00f2nic (LSSICE), Espai Coriveu, S.L.U. (d'ara endavant, \u201cPinkPeas\u201d), Responsable d'aquesta botiga online, posa a disposici\u00f3 dels Usuaris aquesta informaci\u00f3, per definir les vostres Condicions d'\u00das.<\/p><p>Adicionalmente a los contenidos aqu\u00ed expuestos, los aspectos espec\u00edficos relacionados con la protecci\u00f3n de los datos personales y la privacidad de los usuarios de esta web se desarrollan en las p\u00e1ginas de Pol\u00edtica de Privacidad y Pol\u00edtica de Cookies.<\/p><ul><li><strong>Denominaci\u00f3 Social<\/strong>: Espai Coriveu, S.L.U.<\/li><li><strong>Nom Comercial<\/strong>: PinkPeas<\/li><li><strong>CIF<\/strong>: B01886118<\/li><li><strong>Inscrita al Registre Mercantil de Barcelona:<\/strong> Tomo 47446, Folio 23, Secci\u00f3n 8 Hoja B-552016<\/li><li><strong>Domicili Social:<\/strong>C\/ Montmany, 17 local \u2013 08012, Barcelona, Espanya<\/li><li><strong>Activitat<\/strong>:<\/li><li><strong>Tel\u00e8fon<\/strong>: 644 218 281<\/li><li><strong>Email<\/strong>: <a href=\"mailto:info@pinkpeas.es\">info@pinkpeas.es<\/a>\u00a0<\/li><li><strong style=\"font-family: -apple-system, BlinkMacSystemFont, 'Segoe UI', Roboto, 'Helvetica Neue', Arial, 'Noto Sans', sans-serif, 'Apple Color Emoji', 'Segoe UI Emoji', 'Segoe UI Symbol', 'Noto Color Emoji';\">Nom de Domini<\/strong><span style=\"font-family: -apple-system, BlinkMacSystemFont, 'Segoe UI', Roboto, 'Helvetica Neue', Arial, 'Noto Sans', sans-serif, 'Apple Color Emoji', 'Segoe UI Emoji', 'Segoe UI Symbol', 'Noto Color Emoji';\">: <\/span><a style=\"font-family: -apple-system, BlinkMacSystemFont, 'Segoe UI', Roboto, 'Helvetica Neue', Arial, 'Noto Sans', sans-serif, 'Apple Color Emoji', 'Segoe UI Emoji', 'Segoe UI Symbol', 'Noto Color Emoji';\" href=\"https:\/\/pinkpeas.es\/ca\/\">www.pinkpeas.es<\/a><\/li><li style=\"list-style-type: none;\">\u00a0<\/li><\/ul>\t\t\t\t\t\t\t\t<\/div>\n\t\t\t\t<\/div>\n\t\t\t\t<div class=\"elementor-element elementor-element-25e6b70 elementor-widget elementor-widget-heading\" data-id=\"25e6b70\" data-element_type=\"widget\" data-e-type=\"widget\" data-widget_type=\"heading.default\">\n\t\t\t\t<div class=\"elementor-widget-container\">\n\t\t\t\t\t<h2 class=\"elementor-heading-title elementor-size-default\">Finalitat de la web\n<\/h2>\t\t\t\t<\/div>\n\t\t\t\t<\/div>\n\t\t\t\t<div class=\"elementor-element elementor-element-edbf0e4 elementor-widget elementor-widget-text-editor\" data-id=\"edbf0e4\" data-element_type=\"widget\" data-e-type=\"widget\" data-widget_type=\"text-editor.default\">\n\t\t\t\t<div class=\"elementor-widget-container\">\n\t\t\t\t\t\t\t\t\t<p>La botiga online \u201cPinkPeas\u201d t\u00e9 les finalitats seg\u00fcents:<\/p><ul><li>Posada a disposici\u00f3 de l'Usuari dels productes i\/o serveis oferts per adquirir-los per mitjans electr\u00f2nics, aix\u00ed com oferir informaci\u00f3 sobre aquests i el Responsable.<\/li><li>Divulgaci\u00f3 dinformaci\u00f3 relacionada amb el sector dactivitat del Responsable.<\/li><li>Gestionar els comentaris i\/o valoracions dels usuaris.<\/li><li>Gestionar la llista de subscriptors i usuaris adscrits al newsletter de la botiga en l\u00ednia.<\/li><\/ul>\t\t\t\t\t\t\t\t<\/div>\n\t\t\t\t<\/div>\n\t\t\t\t<div class=\"elementor-element elementor-element-44ac35e elementor-widget elementor-widget-heading\" data-id=\"44ac35e\" data-element_type=\"widget\" data-e-type=\"widget\" data-widget_type=\"heading.default\">\n\t\t\t\t<div class=\"elementor-widget-container\">\n\t\t\t\t\t<h2 class=\"elementor-heading-title elementor-size-default\">Marc Normatiu<\/h2>\t\t\t\t<\/div>\n\t\t\t\t<\/div>\n\t\t\t\t<div class=\"elementor-element elementor-element-6bec8aa elementor-widget elementor-widget-text-editor\" data-id=\"6bec8aa\" data-element_type=\"widget\" data-e-type=\"widget\" data-widget_type=\"text-editor.default\">\n\t\t\t\t<div class=\"elementor-widget-container\">\n\t\t\t\t\t\t\t\t\t<p>L'activitat d'aquesta botiga online es troba subjecta al marc legal espanyol i europeu, concretament a les normes seg\u00fcents:<\/p><ul><li>Reglament General de Protecci\u00f3 de Dades (RGPD) (UE) 2016\/679, de 27 d'abril, que regula el tractament de dades personals als pa\u00efsos de la Uni\u00f3 Europea.<\/li><li>Llei Org\u00e0nica 3\/2018, de 5 de desembre, sobre Protecci\u00f3 de Dades Personals i Garantia dels Drets Digitals (LOPD i GDD), norma d'\u00e0mbit regional (aplicable a Espanya), i que defineix i amplia molts dels conceptes i drets presents al RGPD.<\/li><li>Llei 34\/2002, d'11 de juliol, de serveis de la societat de la informaci\u00f3 i del comer\u00e7 electr\u00f2nic (LSSICE), norma que afecta aquells webs que, d'alguna manera, realitzin activitats econ\u00f2miques mitjan\u00e7ant mitjans electr\u00f2nics, com \u00e9s el cas d'aquest web.<\/li><li>Llei 03\/2014, de 27 de mar\u00e7, general per a la defensa dels consumidors i usuaris (LGDCU), que regula les condicions de venda i contractaci\u00f3.<\/li><\/ul>\t\t\t\t\t\t\t\t<\/div>\n\t\t\t\t<\/div>\n\t\t\t\t<div class=\"elementor-element elementor-element-44af668 elementor-widget elementor-widget-heading\" data-id=\"44af668\" data-element_type=\"widget\" data-e-type=\"widget\" data-widget_type=\"heading.default\">\n\t\t\t\t<div class=\"elementor-widget-container\">\n\t\t\t\t\t<h2 class=\"elementor-heading-title elementor-size-default\">Condicions d'\u00fas i responsabilitats<\/h2>\t\t\t\t<\/div>\n\t\t\t\t<\/div>\n\t\t\t\t<div class=\"elementor-element elementor-element-850ee25 elementor-widget elementor-widget-text-editor\" data-id=\"850ee25\" data-element_type=\"widget\" data-e-type=\"widget\" data-widget_type=\"text-editor.default\">\n\t\t\t\t<div class=\"elementor-widget-container\">\n\t\t\t\t\t\t\t\t\t<p>Tota persona que accedeixi a aquest lloc web assumeix el paper d'Usuari, comprometent-se a l'observan\u00e7a i el compliment rigor\u00f3s de les condicions aqu\u00ed disposades, aix\u00ed com a qualsevol altra disposici\u00f3 legal que fos aplicable. PinkPeas no es far\u00e0 responsable dels danys i perjudicis, propis o a tercers, produ\u00efts per l'\u00fas inadequat d'aquest lloc web per part de l'Usuari.<\/p><p>Les seg\u00fcents conductes queden terminantment prohibides per PinkPeas. Si l'Usuari comet qualsevol dels actes descrits en els punts seg\u00fcents que sigui, a m\u00e9s, constitutiu d'un delicte, PinkPeas es reserva la potestat de posar-ho en coneixement de les autoritats si se'n constata la comissi\u00f3:<\/p><ul><li>Introduir o difondre virus inform\u00e0tics o qualsevol altre sistema susceptible de provocar danys en els sistemes f\u00edsics o l\u00f2gics del propietari del domini, dels seus prove\u00efdors o de tercers. Aquesta prohibici\u00f3 tamb\u00e9 inclou els scripts que van poder ser inserits.<\/li><li>Reproduir sense autoritzaci\u00f3 els continguts de la web.<\/li><li>Accedir (o intentar fer-ho) a zones restringides de la plataforma sense complir les condicions exigides per a aquest acc\u00e9s. Aix\u00ed com revelar dades sobre el funcionament de la web sense autoritzaci\u00f3 expressa dels administradors de la web.<\/li><li>Eludir (o intentar-ho) els sistemes de pagaments establerts per \u201cPinkPeas\u201d.<\/li><\/ul><p>El contingut d'aquest web no es pot considerar, en cap cas, substitutiu d'assessorament legal.<\/p><p>PinkPeas es reserva el dret a modificar qualsevol tipus d'informaci\u00f3 que pogu\u00e9s apar\u00e8ixer a la botiga online, en qualsevol moment i sense previ av\u00eds, sense que hi hagi obligaci\u00f3 de preavisar o posar en coneixement dels Usuaris aquestes obligacions, entenent com a suficient la publicaci\u00f3 en aquest lloc web.<\/p><p>Aquest lloc web ha estat revisat i provat perqu\u00e8 funcioni correctament de manera ininterrompuda. No obstant aix\u00f2, PinkPeas no descarta la possibilitat que hi hagi certs errors de programaci\u00f3, manca de disponibilitat puntual (per exemple, caigudes del servidor, o manteniment del mateix) o que esdevinguin causes de for\u00e7a major, cat\u00e0strofes naturals, vagues, o circumst\u00e0ncies semblants que facin impossible l'acc\u00e9s temporal a la p\u00e0gina web.<\/p><p>L'Usuari es compromet a no utilitzar aquesta web ni, si escau, els serveis o productes que s'hi ofereixen, per a la realitzaci\u00f3 d'activitats contr\u00e0ries a la llei, a l'ordre p\u00fablic oa aquestes condicions d'\u00fas. Per tant, \u201cPinkPeas\u201d <strong>no es fa responsable de la informaci\u00f3 i continguts emmagatzemats, a t\u00edtol enunciatiu, per\u00f2 no limitatiu, en f\u00f2rums, xats, generadors de blocs, comentaris, xarxes socials o qualsevol altre mitj\u00e0 que permeti a tercers publicar continguts. <\/strong>Aix\u00f2 no obstant, i en compliment del que disposa l'art. 11 i 16 de la LSSI-CE, PinkPeas es posa a disposici\u00f3 de tots els Usuaris, autoritats i forces de seguretat, col\u00b7laborant de forma activa en la retirada o si \u00e9s el cas bloqueig de tots aquells continguts que poguessin afectar o contravenir la legislaci\u00f3 nacional, o internacional, drets de tercers o la moral i l'ordre p\u00fablic. En cas que un Usuari consideri que existeix a la web algun contingut que pogu\u00e9s ser susceptible d'aquesta classificaci\u00f3, es prega que ho notifiqui de manera immediata al nostre personal.<\/p><p>PinkPeas es reserva el dret a denegar o retirar l'acc\u00e9s a la botiga sense necessitat d'advertiment previ, a inst\u00e0ncia pr\u00f2pia o d'un tercer, a aquells Usuaris que incompleixin les nostres Condicions d'\u00das.<\/p>\t\t\t\t\t\t\t\t<\/div>\n\t\t\t\t<\/div>\n\t\t\t\t<div class=\"elementor-element elementor-element-f944608 elementor-widget elementor-widget-heading\" data-id=\"f944608\" data-element_type=\"widget\" data-e-type=\"widget\" data-widget_type=\"heading.default\">\n\t\t\t\t<div class=\"elementor-widget-container\">\n\t\t\t\t\t<h2 class=\"elementor-heading-title elementor-size-default\">Propietat Intel\u00b7lectual<\/h2>\t\t\t\t<\/div>\n\t\t\t\t<\/div>\n\t\t\t\t<div class=\"elementor-element elementor-element-6335b7c elementor-widget elementor-widget-text-editor\" data-id=\"6335b7c\" data-element_type=\"widget\" data-e-type=\"widget\" data-widget_type=\"text-editor.default\">\n\t\t\t\t<div class=\"elementor-widget-container\">\n\t\t\t\t\t\t\t\t\t<p>El lloc web, incloent a t\u00edtol enunciatiu, per\u00f2 no limitatiu la seva programaci\u00f3, edici\u00f3, compilaci\u00f3 i altres elements necessaris per al seu funcionament, els dissenys, logotips, text i\/o gr\u00e0fics s\u00f3n propietat de PinkPeas o, si escau, disposa de llic\u00e8ncia o autoritzaci\u00f3 expressa per part dels autors.<\/p><p>Tots els continguts del lloc web es troben degudament protegits per la normativa de propietat intel\u00b7lectual i industrial, aix\u00ed com inscrits als registres p\u00fablics corresponents, i no es permet la reproducci\u00f3 i\/o publicaci\u00f3, total o parcial, del lloc web, ni el seu tractament inform\u00e0tic, la seva distribuci\u00f3, difusi\u00f3, modificaci\u00f3 o transformaci\u00f3, sense el perm\u00eds previ i per escrit del mateix. PinkPeas vetllar\u00e0 pel compliment de les condicions anteriors, aix\u00ed com per la deguda utilitzaci\u00f3 dels continguts presentats a les seves p\u00e0gines web, exercitant totes les accions civils i penals que li corresponguin en el cas d'infracci\u00f3 o incompliment d'aquests drets per part de l'Usuari.<\/p><p>Els dissenys, logotips, text i\/o gr\u00e0fics aliens a \u201cPinkPeas\u201d i que poguessin apar\u00e8ixer al lloc web, pertanyen als seus respectius propietaris, sent ells mateixos responsables de qualsevol possible controv\u00e8rsia que pogu\u00e9s suscitar-se respecte a aquests. En tot cas, PinkPeas compta amb l'autoritzaci\u00f3 expressa i pr\u00e8via per part dels mateixos. PinkPeas reconeix a favor dels seus titulars els corresponents drets de propietat industrial i intel\u00b7lectual, i no implica la seva sola menci\u00f3 o aparici\u00f3 al lloc web l'exist\u00e8ncia de drets o responsabilitat del Responsable sobre aquests, com tampoc suport, patrocini o recomanaci\u00f3 per part del mateix.<\/p>\t\t\t\t\t\t\t\t<\/div>\n\t\t\t\t<\/div>\n\t\t\t\t<div class=\"elementor-element elementor-element-de9e6c8 elementor-widget elementor-widget-heading\" data-id=\"de9e6c8\" data-element_type=\"widget\" data-e-type=\"widget\" data-widget_type=\"heading.default\">\n\t\t\t\t<div class=\"elementor-widget-container\">\n\t\t\t\t\t<h2 class=\"elementor-heading-title elementor-size-default\">Enlla\u00e7os de Tercers<\/h2>\t\t\t\t<\/div>\n\t\t\t\t<\/div>\n\t\t\t\t<div class=\"elementor-element elementor-element-6cca2b6 elementor-widget elementor-widget-text-editor\" data-id=\"6cca2b6\" data-element_type=\"widget\" data-e-type=\"widget\" data-widget_type=\"text-editor.default\">\n\t\t\t\t<div class=\"elementor-widget-container\">\n\t\t\t\t\t\t\t\t\t<p>PinkPeas pot posar a disposici\u00f3 de l'Usuari enlla\u00e7os o altres elements que permeten l'acc\u00e9s cap a altres llocs web pertanyents a tercers. No comercialitzem els productes i\/o serveis d'aquestes p\u00e0gines enlla\u00e7ades, ni assumim cap tipus de responsabilitat sobre aquestes, ni sobre la informaci\u00f3 continguda en elles, ni la seva veracitat o licitud, ni de qualssevol efectes que se'n puguin derivar.<\/p><p>En tot cas, PinkPeas manifesta que procedir\u00e0 a la retirada immediata de qualsevol contingut que pogu\u00e9s contravenir la legislaci\u00f3 nacional o internacional, la moral o l'ordre p\u00fablic, procedint a la retirada immediata de la redirecci\u00f3 a aquest lloc web, posant en coneixement de les autoritats competents el contingut en q\u00fcesti\u00f3.<\/p>\t\t\t\t\t\t\t\t<\/div>\n\t\t\t\t<\/div>\n\t\t\t\t<div class=\"elementor-element elementor-element-63c3e1f elementor-widget elementor-widget-heading\" data-id=\"63c3e1f\" data-element_type=\"widget\" data-e-type=\"widget\" data-widget_type=\"heading.default\">\n\t\t\t\t<div class=\"elementor-widget-container\">\n\t\t\t\t\t<h2 class=\"elementor-heading-title elementor-size-default\">Llei Aplicable i Jurisdicci\u00f3<\/h2>\t\t\t\t<\/div>\n\t\t\t\t<\/div>\n\t\t\t\t<div class=\"elementor-element elementor-element-daeb647 elementor-widget elementor-widget-text-editor\" data-id=\"daeb647\" data-element_type=\"widget\" data-e-type=\"widget\" data-widget_type=\"text-editor.default\">\n\t\t\t\t<div class=\"elementor-widget-container\">\n\t\t\t\t\t\t\t\t\t<p>L'idioma de redacci\u00f3 i d'interpretaci\u00f3 d'aquest av\u00eds legal \u00e9s l'espanyol.<\/p><p>La relaci\u00f3 entre \u201cPinkPeas\u201d i Usuari es regeix en tots i cadascun dels seus extrems per la llei espanyola, a la qual se sotmeten expressament ambdues parts davant de qualsevol controv\u00e8rsia o q\u00fcesti\u00f3 relacionada amb el present lloc web o les activitats que s'hi desenvolupin.<\/p><p>Per la seva banda, en cas que l'usuari tingui el seu domicili fora d'Espanya, PinkPeas i Usuari se sotmeten, amb ren\u00fancia expressa a qualsevol altre fur, als jutjats i tribunals competents d'Espanya.<\/p>\t\t\t\t\t\t\t\t<\/div>\n\t\t\t\t<\/div>\n\t\t\t\t<div class=\"elementor-element elementor-element-ba05718 elementor-widget elementor-widget-heading\" data-id=\"ba05718\" data-element_type=\"widget\" data-e-type=\"widget\" data-widget_type=\"heading.default\">\n\t\t\t\t<div class=\"elementor-widget-container\">\n\t\t\t\t\t<h2 class=\"elementor-heading-title elementor-size-default\">Contacte\n<\/h2>\t\t\t\t<\/div>\n\t\t\t\t<\/div>\n\t\t\t\t<div class=\"elementor-element elementor-element-0561e63 elementor-widget elementor-widget-text-editor\" data-id=\"0561e63\" data-element_type=\"widget\" data-e-type=\"widget\" data-widget_type=\"text-editor.default\">\n\t\t\t\t<div class=\"elementor-widget-container\">\n\t\t\t\t\t\t\t\t\t<p>En cas que tingueu qualsevol dubte sobre aquest Av\u00eds Legal o vulgueu realitzar qualsevol comentari sobre el Lloc Web, podeu enviar un missatge de correu electr\u00f2nic a l'adre\u00e7a:\u00a0<a href=\"mailto:info@pinkpeas.es\">info@pinkpeas.es<\/a><\/p>\t\t\t\t\t\t\t\t<\/div>\n\t\t\t\t<\/div>\n\t\t\t\t\t<\/div>\n\t\t\t\t<\/div>\n\t\t\t\t<\/div>","protected":false},"excerpt":{"rendered":"<p>Aviso Legal Identidad del Responsable del Tratamiento En cumplimiento del art\u00edculo 10 de la Ley 34\/2002, de 11 de julio, de Servicios de la Sociedad de la Informaci\u00f3n y del Comercio Electr\u00f3nico (LSSICE), Espai Coriveu, S.L.U. (en adelante, \u201cPinkPeas\u201d), Responsable de esta tienda online, pone a disposici\u00f3n de los Usuarios la presente informaci\u00f3n, para definir [&hellip;]<\/p>\n","protected":false},"author":1,"featured_media":0,"parent":0,"menu_order":0,"comment_status":"closed","ping_status":"closed","template":"","meta":{"footnotes":""},"class_list":["post-2063","page","type-page","status-publish","hentry"],"_links":{"self":[{"href":"https:\/\/pinkpeas.es\/ca\/wp-json\/wp\/v2\/pages\/2063","targetHints":{"allow":["GET"]}}],"collection":[{"href":"https:\/\/pinkpeas.es\/ca\/wp-json\/wp\/v2\/pages"}],"about":[{"href":"https:\/\/pinkpeas.es\/ca\/wp-json\/wp\/v2\/types\/page"}],"author":[{"embeddable":true,"href":"https:\/\/pinkpeas.es\/ca\/wp-json\/wp\/v2\/users\/1"}],"replies":[{"embeddable":true,"href":"https:\/\/pinkpeas.es\/ca\/wp-json\/wp\/v2\/comments?post=2063"}],"version-history":[{"count":0,"href":"https:\/\/pinkpeas.es\/ca\/wp-json\/wp\/v2\/pages\/2063\/revisions"}],"wp:attachment":[{"href":"https:\/\/pinkpeas.es\/ca\/wp-json\/wp\/v2\/media?parent=2063"}],"curies":[{"name":"wp","href":"https:\/\/api.w.org\/{rel}","templated":true}]}}